{"id":9471,"date":"2022-02-24T19:51:42","date_gmt":"2022-02-24T18:51:42","guid":{"rendered":"https:\/\/casaloalto.com\/?page_id=9471"},"modified":"2022-02-24T19:51:42","modified_gmt":"2022-02-24T18:51:42","slug":"store-terms-and-conditions","status":"publish","type":"page","link":"https:\/\/casaloalto.com\/en\/store-terms-and-conditions","title":{"rendered":"Store Terms and Conditions"},"content":{"rendered":"<p>En cumplimiento a lo establecido por la legislaci\u00f3n espa\u00f1ola en la Ley de Servicios de la Sociedad de la Informaci\u00f3n (LSSI) publicada en el Bolet\u00edn Oficial del Estado (B.O.E.) del 12 de Julio de 2002, se publica el siguiente documento:<\/p>\n<h4>1. Datos identificativos<\/h4>\n<p>murviedro.es\/casaloalto (en adelante LA TIENDA) es una unidad de negocio perteneciente a BODEGAS MURVIEDRO SA. (CIF: A-46002127) con direcci\u00f3n fiscal: AMPLIACION POLIGONO EL ROMERAL S\/N REQUENA 46340 (VALENCIA).<\/p>\n<p>LA TIENDA est\u00e1 gestionada por El Mirall On-line S.L. (CIF: B98410038) con direcci\u00f3n: direcci\u00f3n: Calle La Costera 2 D-10 46015 Valencia (ESPA\u00d1A), por lo que ellos ser\u00e1n los responsables del funcionamiento de LA TIENDA.<\/p>\n<h4>2. Descripci\u00f3n del servicio<\/h4>\n<p>LA TIENDA proporciona una serie de servicios en Internet a sus usuarios y clientes. Los usuarios de LA TIENDA pueden adquirir productos para su propio uso.<\/p>\n<p>3. Uso de la tienda LA TIENDA y del servicio<br \/>\n3.1 Edad m\u00ednima<br \/>\nLA TIENDA puede ser usada s\u00f3lo por usuarios mayores de 18 a\u00f1os.<\/p>\n<p>3.2 Licencia de uso de la tienda y del servicio de LA TIENDA<br \/>\nLA TIENDA ofrece una licencia limitada y revocable a acceder y usar su web y sus servicios con concordancia con sus Condiciones Generales de Uso. Esta licencia no incluye el derecho a recolectar o usar informaci\u00f3n de la tienda para objetivos prohibidos por LA TIENDA, competir con LA TIENDA, crear gr\u00e1ficos basados en los contenidos de LA TIENDA, o guardar una copia de LA TIENDA.<\/p>\n<p>3.3 Servicios ofrecidos por terceros<br \/>\nLA TIENDA puede usar material de terceros para ofrecer determinados servicios a trav\u00e9s de LA TIENDA. LA TIENDA no controla a estos terceros y sus servicios, y aceptas que LA TIENDA no tiene ninguna responsabilidad en c\u00f3mo t\u00fa puedes llegar a usar dichos servicios. Estos terceros tienen su propias Condiciones Generales de Uso. En caso de conflicto con LA TIENDA, prevalecer\u00e1n las Condiciones Generales de Uso de LA TIENDA.<\/p>\n<h4>4. Reglas generales<\/h4>\n<p>4.1 Uso prohibido<br \/>\nNo puedes intentar causar ning\u00fan da\u00f1o a la tienda o al servicio de LA TIENDA. Por ejemplo, y sin ser esta lista completa ni exhaustiva, no puedes:<br \/>\na) Entorpecer el servicio de LA TIENDA usando virus u otros programas dise\u00f1ados para causar da\u00f1o a cualquier software o hardware.<br \/>\nb) Modificar o crear versiones de cualquier tecnolog\u00eda usada en LA TIENDA.<br \/>\nc) Usar cualquier tipo de script, robot o tecnolog\u00eda para monitorizar la tienda.<br \/>\nd) Recolectar emails u otra informaci\u00f3n a trav\u00e9s del servicio de LA TIENDA.<br \/>\ne) Hacerte pasar por otra persona o entidad.<\/p>\n<p>4.2 Privacidad y protecci\u00f3n de datos<br \/>\nEn LA TIENDA estamos especialmente preocupados por la seguridad y por garantizar la confidencialidad de los datos aportados por nuestros clientes. Nos comprometemos a darte el mejor servicio y la mejor experiencia online.<\/p>\n<p>En el momento en que un cliente realiza un pedido a trav\u00e9s de nuestro servidor seguro, sus datos personales, domiciliarios, y los relativos a sus compras y formas de pago, son incorporados a nuestra base de datos para tramitar el pedido.<\/p>\n<p>En LA TIENDA no tenemos ning\u00fan acceso a la informaci\u00f3n relacionada con el n\u00famero de la tarjeta de cr\u00e9dito de nuestros clientes. Nosotros \u00fanicamente recibimos la confirmaci\u00f3n del pago por parte de las instituciones bancarias que tramitan el pedido. A la hora lo de introducir la informaci\u00f3n de la tarjeta de cr\u00e9dito esta se realiza en una p\u00e1gina segura SSL gestionada por la entidad bancaria.<\/p>\n<p>El cliente autoriza expresamente a LA TIENDA para que los datos de este registro y cuantos se obtengan para el desarrollo de las relaciones contractuales entre ambas partes puedan ser usadas para LA TIENDA, para efectuar estudios de mercado y marketing y ofrecerle al cliente productos y servicios que puedan resultar de su inter\u00e9s. En ning\u00fan caso, su informaci\u00f3n personal ser\u00e1 cedida o vendida a ninguna otra parte ajena a LA TIENDA.<\/p>\n<p>LA TIENDA usa \u201ccookies\u201d para el correcto funcionamiento de su p\u00e1gina, y que no contienen ning\u00fan tipo de informaci\u00f3n personal. La mayor\u00eda de los navegadores aceptan autom\u00e1ticamente cookies, pero tambi\u00e9n es normalmente posible configurarlos para su no aceptaci\u00f3n. En ese caso podr\u00e1 navegar, pero no podr\u00e1 realizar pedidos.<\/p>\n<p>Ley de Protecci\u00f3n de Datos:<br \/>\nEn cumplimiento de lo dispuesto en la Ley Org\u00e1nica 15\/1999 de 13 de Diciembre, de Protecci\u00f3n de Datos de Car\u00e1cter Personal, le informamos de que:<\/p>\n<p>A. En su calidad de propietario, el responsable de este fichero es el titular de la tienda LA TIENDA. Este fichero se inscribi\u00f3 en el Registro General de Protecci\u00f3n de Datos y cuenta con el c\u00f3digo asignado por dicho ente.<\/p>\n<p>B. El titular de la tienda LA TIENDA garantiza la confidencialidad de todos los datos facilitados por sus clientes. Adem\u00e1s de los m\u00ednimos establecidos por la legislaci\u00f3n, la recogida y tratamiento de los datos se efect\u00faan bajo niveles de seguridad que impiden la p\u00e9rdida o manipulaci\u00f3n de los datos.<\/p>\n<p>C. De acuerdo con la legislaci\u00f3n vigente, todos los clientes de LA TIENDA tienen el derecho de acceso, rectificaci\u00f3n, cancelaci\u00f3n y oposici\u00f3n de sus datos. Adem\u00e1s, en cualquier momento, el cliente puede manifestar su deseo de NO recibir ning\u00fan tipo de publicidad. Para ejercitar estos derechos, los clientes pueden dirigirse por correo electr\u00f3nico a murviedro[arroba]murviedro.es<\/p>\n<p>D. Para el mejor cumplimiento de sus servicios, LA TIENDA se encuentra obligado a facilitar determinados datos de sus clientes (nombre, direcci\u00f3n, tel\u00e9fono, etc.) a otras empresas que colaboran con la prestaci\u00f3n del servicio (transportistas, instaladores, entidades financieras, etc.). En todos los casos, los datos que se facilitan son los estrictamente necesarios para la actividad concreta que se vaya a realizar.<\/p>\n<p>4.3 Condiciones de compra<br \/>\nSistema de venta<br \/>\nPara realizar una compra, el usuario \u00fanicamente puede hacernos llegar su pedido por Internet a trav\u00e9s del \u201ccarrito de la compra\u201d.<\/p>\n<p>Impuestos aplicables<br \/>\nLos precios de los productos expuestos en la p\u00e1gina web, incluyen el Impuesto sobre el Valor A\u00f1adido (IVA) que, en su caso, sea procedente aplicar.<\/p>\n<p>Forma de pago<br \/>\nAl formular el pedido, el cliente puede elegir libremente abonar las compras que realice mediante tarjeta (American Express, MasterCard, Maestro,\u2026), Paypal, transferencia bancaria o contra-reembolso. En determinados casos y para prevenir posibles fraudes LA TIENDA se reserva la posibilidad de solicitar a un cliente una forma de pago concreta.<\/p>\n<p>Forma, gastos y plazo de env\u00edo<br \/>\nEl cliente podr\u00e1 seleccionar la forma de env\u00edo de entre las posibles para su zona de env\u00edo. Deber\u00e1 tener en cuenta que los plazos de entrega, la calidad del servicio, el punto de entrega y el coste ser\u00e1 diferente para cada forma de transporte.<\/p>\n<p>LA TIENDA env\u00eda los pedidos a sus clientes residentes en la Pen\u00ednsula Ib\u00e9rica e Islas Baleares a trav\u00e9s de diferentes empresas de transporte siendo Correos Express la principal, pero tambi\u00e9n con Correos. Los residentes en las Islas Canarias, Ceuta y Melilla, reciben su pedido a trav\u00e9s de Correos, pero tienen limitado servicios. Estas condiciones estan sujetas a cambios seg\u00fan disponibilidad del producto.<\/p>\n<p>El plazo de producci\u00f3n es de entre uno y cinco d\u00edas desde el d\u00eda siguiente de recibir el pedido. Es posible que por varios motivos un pedido sufra ciertos retrasos en producci\u00f3n, debido a descuadre de stocks, confirmaci\u00f3n previa con el cliente, etc.<\/p>\n<p>Los plazos de transporte se pueden ver alterados por incidencias extraordinarias en el transportista y por dificultades en la entrega de la mercanc\u00eda. LA TIENDA excluye cualquier responsabilidad por los retrasos producidos por la agencia de transporte, pero s\u00ed se compromete en reponer en un plazo razonable cualquier pedido que haya sido da\u00f1ado o perdido por dicha agencia.<\/p>\n<h4>5. Garant\u00eda de devoluciones y cambios<\/h4>\n<p>Si cuando reciba la mercanc\u00eda, no esta satisfecho, LA TIENDA le devuelve su dinero. Nuestro principal objetivo es la completa satisfacci\u00f3n del cliente. Si por cualquier motivo no esta satisfecho con el articulo comprado, puede devolv\u00e9rnoslo en el plazo de 7 d\u00edas h\u00e1biles, despu\u00e9s de la recepci\u00f3n. Simplemente adjunte una nota explicando el motivo de la devoluci\u00f3n y le devolveremos el dinero, sin ning\u00fan gasto, y de la misma forma que fue abonado. La mercanc\u00eda deber\u00e1 retornarse con su envase original y en perfecto estado.<\/p>\n<p>En el caso de que el motivo de la devoluci\u00f3n fuese causado por da\u00f1os durante el transporte, deber\u00e1 indic\u00e1rnoslo en un plazo de 24 horas, para que podamos efectuar la reclamaci\u00f3n pertinente a la empresa de transporte.<\/p>\n<p>Deber\u00e1s enviar el articulo a : El Mirall On-line S.L, direcci\u00f3n: Calle La Costera 2 D-10 46015 Valencia (ESPA\u00d1A).<\/p>\n<p>El Mirall On-Line S.L con CIFB98410038 se reserva el derecho de no aceptar aquellos pedidos, que considere. Notific\u00e1ndolo debidamente al cliente, y abonando inmediatamente el importe del mismo.<\/p>\n<p>Para cualquier incidencia relacionada con la devoluci\u00f3n de art\u00edculos de nuestra tienda puede contactar con nuestro departamento de Atenci\u00f3n al Cliente.<\/p>\n<h4>6. Propiedad intelectual<\/h4>\n<p>El usuario es el propietario intelectual del contenido que suba y componga en LA TIENDA. Por la presente, garantiza a LA TIENDA una licencia y derecho no exclusivo, mundial y gratuito de usar dicho contenido, en los medios y formatos que LA TIENDA crea conveniente para prestar su servicio de creaci\u00f3n, producci\u00f3n y env\u00edo de art\u00edculos. LA TIENDA puede ceder esta licencia a un tercero en caso necesario para dicha creaci\u00f3n, producci\u00f3n y env\u00edo de art\u00edculos.<\/p>\n<h4>7. Derechos de LA TIENDA<\/h4>\n<p>7.1 Monitorizaci\u00f3n<br \/>\nLA TIENDA se reserva el derecho (sin asumir la obligaci\u00f3n) de monitorizar transacciones y comunicaciones que se produzcan en la su web. LA TIENDA determina, a su propio juicio, que un usuario rompe o puede romper alguna condici\u00f3n de las Condiciones Generales de Uso o dicha transacci\u00f3n o comunicaci\u00f3n es inapropiada, LA TIENDA puede cancelar o restringir el acceso a dicho usuario o al material cuestionable, sin m\u00e1s responsabilidades para las partes implicadas.<\/p>\n<p>7.2 Modificaciones del servicio<br \/>\nLA TIENDA se reserva el derecho de modificar la distribuci\u00f3n, organizaci\u00f3n y aspecto de su web y los servicios que ofrece, y puede cambiar o suspender cualquier aspecto de sus servicios y\/o precios sin previo aviso y sin ninguna responsabilidad para ninguna de las partes.<\/p>\n<p>7.3 Cancelaci\u00f3n del contrato<br \/>\nLA TIENDA, a su propio criterio y con aviso o sin \u00e9l, puede:<\/p>\n<p>a) suspender o limitar el uso de LA TIENDA a un usuario en concreto, as\u00ed como cerrar totalmente una cuenta.<br \/>\nb) eliminar cualquiera del contenido que crea oportuno de los servidores y directorios de LA TIENDA<br \/>\nc) Prohibir el uso de los servicios de LA TIENDA.<\/p>\n<p>7.4 Comunicaciones enviadas por los usuarios<br \/>\nLA TIENDA se reserva el derecho de usar el material y las comunicaciones enviadas por los usuarios en: preguntas, comentarios, foros, ideas y concursos; para marketing u otros actos de promoci\u00f3n, sin que puedan considerarse estas comunicaciones confidenciales.<\/p>\n<h4>8. Pol\u00edtica de enlaces<\/h4>\n<p>LA TIENDA no se hace responsable de aquellos otros sitios web u archivos a los que sea posible acceder a trav\u00e9s de enlaces de hipertexto (links) disponibles entre sus contenidos, dado que dichas p\u00e1ginas enlazadas son responsabilidad de sus respectivos titulares. Esta p\u00e1gina, por tanto, ni aprueba, ni hace suyos los productos, servicios, contenidos, informaci\u00f3n, datos, archivos y cualquier clase de material existente en tales p\u00e1ginas web o archivos y no controla ni se hace responsable de la calidad, licitud, fiabilidad y utilidad de la informaci\u00f3n contenidos y servicios existentes en los sitios enlazados y que son ajenos a esta p\u00e1gina. En el caso de que se estime oportuno o de que un \u00f3rgano competente declare la ilicitud de los datos, ordenando su retirada o que se imposibilite el acceso a los mismos, o se hubiera declarado la existencia de la lesi\u00f3n, y se nos haya notificado expresamente la correspondiente resoluci\u00f3n, los enlaces que se indiquen ser\u00edan inmediatamente retirados.<\/p>\n<h4>9. Limitaci\u00f3n de responsabilidades<\/h4>\n<p>LA TIENDA excluye cualquier responsabilidad por los da\u00f1os y perjuicios de toda naturaleza que puedan deberse a la falta de disponibilidad o de continuidad del funcionamiento de LA TIENDA, as\u00ed como al mal uso de la p\u00e1gina o de sus contenidos.<\/p>\n<p>10. Legislaci\u00f3n aplicable y jurisdicci\u00f3n competente<br \/>\nEstas Condiciones Generales se rigen por la ley espa\u00f1ola. Las partes se someten, a su elecci\u00f3n, para la resoluci\u00f3n de los conflictos y con renuncia a cualquier otro fuero, a los juzgados y tribunales del domicilio del usuario.<\/p>\n","protected":false},"excerpt":{"rendered":"<p>En cumplimiento a lo establecido por la legislaci\u00f3n espa\u00f1ola en la Ley de Servicios de la Sociedad de la Informaci\u00f3n (LSSI) publicada en el Bolet\u00edn Oficial del Estado (B.O.E.) del 12 de Julio de 2002, se publica el siguiente documento: 1. Datos identificativos murviedro.es\/casaloalto (en adelante LA TIENDA) es una unidad de negocio perteneciente a&#8230;<\/p>\n","protected":false},"author":1,"featured_media":0,"parent":0,"menu_order":0,"comment_status":"closed","ping_status":"closed","template":"page-plain.php","meta":{"_acf_changed":false,"footnotes":""},"class_list":["post-9471","page","type-page","status-publish","hentry"],"acf":[],"yoast_head":"<!-- This site is optimized with the Yoast SEO plugin v26.3 - https:\/\/yoast.com\/wordpress\/plugins\/seo\/ -->\n<title>Store Terms and Conditions - Casa lo Alto<\/title>\n<meta name=\"robots\" content=\"index, follow, max-snippet:-1, max-image-preview:large, max-video-preview:-1\" \/>\n<link rel=\"canonical\" href=\"https:\/\/casaloalto.com\/en\/store-terms-and-conditions\" \/>\n<meta property=\"og:locale\" content=\"en_US\" \/>\n<meta property=\"og:type\" content=\"article\" \/>\n<meta property=\"og:title\" content=\"Store Terms and Conditions - Casa lo Alto\" \/>\n<meta property=\"og:description\" content=\"En cumplimiento a lo establecido por la legislaci\u00f3n espa\u00f1ola en la Ley de Servicios de la Sociedad de la Informaci\u00f3n (LSSI) publicada en el Bolet\u00edn Oficial del Estado (B.O.E.) del 12 de Julio de 2002, se publica el siguiente documento: 1. Datos identificativos murviedro.es\/casaloalto (en adelante LA TIENDA) es una unidad de negocio perteneciente a...\" \/>\n<meta property=\"og:url\" content=\"https:\/\/casaloalto.com\/en\/store-terms-and-conditions\" \/>\n<meta property=\"og:site_name\" content=\"Casa lo Alto\" \/>\n<meta property=\"article:publisher\" content=\"https:\/\/www.facebook.com\/LoAltoVinos\" \/>\n<meta property=\"og:image\" content=\"https:\/\/casaloalto.com\/wp-content\/uploads\/2023\/10\/fondo-negro-claim-ENG-2048x1018-1.jpg\" \/>\n\t<meta property=\"og:image:width\" content=\"2048\" \/>\n\t<meta property=\"og:image:height\" content=\"1018\" \/>\n\t<meta property=\"og:image:type\" content=\"image\/jpeg\" \/>\n<meta name=\"twitter:card\" content=\"summary_large_image\" \/>\n<meta name=\"twitter:site\" content=\"@_loalto_\" \/>\n<meta name=\"twitter:label1\" content=\"Est. reading time\" \/>\n\t<meta name=\"twitter:data1\" content=\"11 minutes\" \/>\n<script type=\"application\/ld+json\" class=\"yoast-schema-graph\">{\"@context\":\"https:\/\/schema.org\",\"@graph\":[{\"@type\":\"WebPage\",\"@id\":\"https:\/\/casaloalto.com\/en\/store-terms-and-conditions\",\"url\":\"https:\/\/casaloalto.com\/en\/store-terms-and-conditions\",\"name\":\"Store Terms and Conditions - Casa lo Alto\",\"isPartOf\":{\"@id\":\"https:\/\/casaloalto.com\/#website\"},\"datePublished\":\"2022-02-24T18:51:42+00:00\",\"breadcrumb\":{\"@id\":\"https:\/\/casaloalto.com\/en\/store-terms-and-conditions#breadcrumb\"},\"inLanguage\":\"en-US\",\"potentialAction\":[{\"@type\":\"ReadAction\",\"target\":[\"https:\/\/casaloalto.com\/en\/store-terms-and-conditions\"]}]},{\"@type\":\"BreadcrumbList\",\"@id\":\"https:\/\/casaloalto.com\/en\/store-terms-and-conditions#breadcrumb\",\"itemListElement\":[{\"@type\":\"ListItem\",\"position\":1,\"name\":\"Portada\",\"item\":\"https:\/\/casaloalto.com\/en\"},{\"@type\":\"ListItem\",\"position\":2,\"name\":\"Store Terms and Conditions\"}]},{\"@type\":\"WebSite\",\"@id\":\"https:\/\/casaloalto.com\/#website\",\"url\":\"https:\/\/casaloalto.com\/\",\"name\":\"LoAlto\",\"description\":\"Otro sitio realizado con WordPress\",\"publisher\":{\"@id\":\"https:\/\/casaloalto.com\/#organization\"},\"alternateName\":\"LoAlto _ el paisaje habitado\",\"potentialAction\":[{\"@type\":\"SearchAction\",\"target\":{\"@type\":\"EntryPoint\",\"urlTemplate\":\"https:\/\/casaloalto.com\/?s={search_term_string}\"},\"query-input\":{\"@type\":\"PropertyValueSpecification\",\"valueRequired\":true,\"valueName\":\"search_term_string\"}}],\"inLanguage\":\"en-US\"},{\"@type\":\"Organization\",\"@id\":\"https:\/\/casaloalto.com\/#organization\",\"name\":\"LoAlto\",\"alternateName\":\"LoAlto _ el paisaje habitado\",\"url\":\"https:\/\/casaloalto.com\/\",\"logo\":{\"@type\":\"ImageObject\",\"inLanguage\":\"en-US\",\"@id\":\"https:\/\/casaloalto.com\/#\/schema\/logo\/image\/\",\"url\":\"https:\/\/casaloalto.com\/wp-content\/uploads\/2022\/01\/loalto-footer-130.png\",\"contentUrl\":\"https:\/\/casaloalto.com\/wp-content\/uploads\/2022\/01\/loalto-footer-130.png\",\"width\":130,\"height\":130,\"caption\":\"LoAlto\"},\"image\":{\"@id\":\"https:\/\/casaloalto.com\/#\/schema\/logo\/image\/\"},\"sameAs\":[\"https:\/\/www.facebook.com\/LoAltoVinos\",\"https:\/\/x.com\/_loalto_\",\"https:\/\/www.instagram.com\/_loalto_\/\"]}]}<\/script>\n<!-- \/ Yoast SEO plugin. -->","yoast_head_json":{"title":"Store Terms and Conditions - Casa lo Alto","robots":{"index":"index","follow":"follow","max-snippet":"max-snippet:-1","max-image-preview":"max-image-preview:large","max-video-preview":"max-video-preview:-1"},"canonical":"https:\/\/casaloalto.com\/en\/store-terms-and-conditions","og_locale":"en_US","og_type":"article","og_title":"Store Terms and Conditions - Casa lo Alto","og_description":"En cumplimiento a lo establecido por la legislaci\u00f3n espa\u00f1ola en la Ley de Servicios de la Sociedad de la Informaci\u00f3n (LSSI) publicada en el Bolet\u00edn Oficial del Estado (B.O.E.) del 12 de Julio de 2002, se publica el siguiente documento: 1. Datos identificativos murviedro.es\/casaloalto (en adelante LA TIENDA) es una unidad de negocio perteneciente a...","og_url":"https:\/\/casaloalto.com\/en\/store-terms-and-conditions","og_site_name":"Casa lo Alto","article_publisher":"https:\/\/www.facebook.com\/LoAltoVinos","og_image":[{"width":2048,"height":1018,"url":"https:\/\/casaloalto.com\/wp-content\/uploads\/2023\/10\/fondo-negro-claim-ENG-2048x1018-1.jpg","type":"image\/jpeg"}],"twitter_card":"summary_large_image","twitter_site":"@_loalto_","twitter_misc":{"Est. reading time":"11 minutes"},"schema":{"@context":"https:\/\/schema.org","@graph":[{"@type":"WebPage","@id":"https:\/\/casaloalto.com\/en\/store-terms-and-conditions","url":"https:\/\/casaloalto.com\/en\/store-terms-and-conditions","name":"Store Terms and Conditions - Casa lo Alto","isPartOf":{"@id":"https:\/\/casaloalto.com\/#website"},"datePublished":"2022-02-24T18:51:42+00:00","breadcrumb":{"@id":"https:\/\/casaloalto.com\/en\/store-terms-and-conditions#breadcrumb"},"inLanguage":"en-US","potentialAction":[{"@type":"ReadAction","target":["https:\/\/casaloalto.com\/en\/store-terms-and-conditions"]}]},{"@type":"BreadcrumbList","@id":"https:\/\/casaloalto.com\/en\/store-terms-and-conditions#breadcrumb","itemListElement":[{"@type":"ListItem","position":1,"name":"Portada","item":"https:\/\/casaloalto.com\/en"},{"@type":"ListItem","position":2,"name":"Store Terms and Conditions"}]},{"@type":"WebSite","@id":"https:\/\/casaloalto.com\/#website","url":"https:\/\/casaloalto.com\/","name":"LoAlto","description":"Otro sitio realizado con WordPress","publisher":{"@id":"https:\/\/casaloalto.com\/#organization"},"alternateName":"LoAlto _ el paisaje habitado","potentialAction":[{"@type":"SearchAction","target":{"@type":"EntryPoint","urlTemplate":"https:\/\/casaloalto.com\/?s={search_term_string}"},"query-input":{"@type":"PropertyValueSpecification","valueRequired":true,"valueName":"search_term_string"}}],"inLanguage":"en-US"},{"@type":"Organization","@id":"https:\/\/casaloalto.com\/#organization","name":"LoAlto","alternateName":"LoAlto _ el paisaje habitado","url":"https:\/\/casaloalto.com\/","logo":{"@type":"ImageObject","inLanguage":"en-US","@id":"https:\/\/casaloalto.com\/#\/schema\/logo\/image\/","url":"https:\/\/casaloalto.com\/wp-content\/uploads\/2022\/01\/loalto-footer-130.png","contentUrl":"https:\/\/casaloalto.com\/wp-content\/uploads\/2022\/01\/loalto-footer-130.png","width":130,"height":130,"caption":"LoAlto"},"image":{"@id":"https:\/\/casaloalto.com\/#\/schema\/logo\/image\/"},"sameAs":["https:\/\/www.facebook.com\/LoAltoVinos","https:\/\/x.com\/_loalto_","https:\/\/www.instagram.com\/_loalto_\/"]}]}},"_links":{"self":[{"href":"https:\/\/casaloalto.com\/en\/wp-json\/wp\/v2\/pages\/9471","targetHints":{"allow":["GET"]}}],"collection":[{"href":"https:\/\/casaloalto.com\/en\/wp-json\/wp\/v2\/pages"}],"about":[{"href":"https:\/\/casaloalto.com\/en\/wp-json\/wp\/v2\/types\/page"}],"author":[{"embeddable":true,"href":"https:\/\/casaloalto.com\/en\/wp-json\/wp\/v2\/users\/1"}],"replies":[{"embeddable":true,"href":"https:\/\/casaloalto.com\/en\/wp-json\/wp\/v2\/comments?post=9471"}],"version-history":[{"count":1,"href":"https:\/\/casaloalto.com\/en\/wp-json\/wp\/v2\/pages\/9471\/revisions"}],"predecessor-version":[{"id":9472,"href":"https:\/\/casaloalto.com\/en\/wp-json\/wp\/v2\/pages\/9471\/revisions\/9472"}],"wp:attachment":[{"href":"https:\/\/casaloalto.com\/en\/wp-json\/wp\/v2\/media?parent=9471"}],"curies":[{"name":"wp","href":"https:\/\/api.w.org\/{rel}","templated":true}]}}