{"id":9469,"date":"2022-02-24T19:50:39","date_gmt":"2022-02-24T18:50:39","guid":{"rendered":"https:\/\/casaloalto.com\/?page_id=9469"},"modified":"2022-02-24T19:50:39","modified_gmt":"2022-02-24T18:50:39","slug":"forms-of-payment-and-returns","status":"publish","type":"page","link":"https:\/\/casaloalto.com\/en\/forms-of-payment-and-returns","title":{"rendered":"Forms of payment and returns"},"content":{"rendered":"<h4>FORMAS DE PAGO<\/h4>\n<p>murviedro.es\/casaloalto le permite realizar sus compras con los siguientes medios de pago.<\/p>\n<ul>\n<li><strong>Tarjeta de cr\u00e9dito:<\/strong> A trav\u00e9s de una pasarela de pago segura con nuestro banco, gestionado por El Mirall On-line SL. murviedro.es\/casaloalto, no tendr\u00e1 acceso a los datos de su tarjeta de cr\u00e9dito.<\/li>\n<li><strong>Contrareembolso:\u00a0<\/strong>Pago a la entrega.<strong>\u00a0<\/strong>Gastos de gesti\u00f3n +1\u20ac.<\/li>\n<\/ul>\n<h4>POL\u00cdTICA DE DEVOLUCI\u00d3N<\/h4>\n<p>Si cuando reciba la mercanc\u00eda, no esta satisfecho, murviedro.es\/casaloalto le devuelve su dinero. Nuestro principal objetivo es la completa satisfacci\u00f3n del cliente. Si por cualquier motivo no esta satisfecho con el articulo comprado, puede devolv\u00e9rnoslo en el plazo de 7 d\u00edas h\u00e1biles, despu\u00e9s de la recepci\u00f3n. Simplemente adjunte una nota explicando el motivo de la devoluci\u00f3n y le devolveremos el dinero, sin ning\u00fan gasto, y de la misma forma que fue abonado. La mercanc\u00eda deber\u00e1 retornarse con su envase original y en perfecto estado.<\/p>\n<p>En el caso de que el motivo de la devoluci\u00f3n fuese causado por da\u00f1os durante el transporte, deber\u00e1 indic\u00e1rnoslo en un plazo de 24 horas, para que podamos efectuar la reclamaci\u00f3n pertinente a la empresa de transporte.<\/p>\n<p>Para realizar la devoluci\u00f3n debe rellenar previamente el documento de desistimiento:\u00a0<a href=\"http:\/\/murviedro.es\/tienda\/documento-desistimiento.pdf\" target=\"_blank\" rel=\"noopener noreferrer\">[Descargar documento].<\/a><\/p>\n<p>Deber\u00e1s enviar el producto, junto al archivo de desistimiento a:<\/p>\n<p>El Mirall On-Line S.L<br \/>\nCalle La Costera 2 D-10<br \/>\n46015 Valencia<\/p>\n<p>Tel\u00e9fono: 963385962<\/p>\n<p><strong>El Mirall On-Line S.L con CIFB98410038 se reserva el derecho de no aceptar aquellos pedidos que considere oportuno, notific\u00e1ndolo debidamente al cliente, y abonando inmediatamente el importe del mismo.<\/strong><\/p>\n","protected":false},"excerpt":{"rendered":"<p>FORMAS DE PAGO murviedro.es\/casaloalto le permite realizar sus compras con los siguientes medios de pago. Tarjeta de cr\u00e9dito: A trav\u00e9s de una pasarela de pago segura con nuestro banco, gestionado por El Mirall On-line SL. murviedro.es\/casaloalto, no tendr\u00e1 acceso a los datos de su tarjeta de cr\u00e9dito. Contrareembolso:\u00a0Pago a la entrega.\u00a0Gastos de gesti\u00f3n +1\u20ac. POL\u00cdTICA&#8230;<\/p>\n","protected":false},"author":1,"featured_media":0,"parent":0,"menu_order":0,"comment_status":"closed","ping_status":"closed","template":"","meta":{"_acf_changed":false,"footnotes":""},"class_list":["post-9469","page","type-page","status-publish","hentry"],"acf":[],"yoast_head":"<!-- This site is optimized with the Yoast SEO plugin v26.3 - https:\/\/yoast.com\/wordpress\/plugins\/seo\/ -->\n<title>Forms of payment and returns - Casa lo Alto<\/title>\n<meta name=\"robots\" content=\"index, follow, max-snippet:-1, max-image-preview:large, max-video-preview:-1\" \/>\n<link rel=\"canonical\" href=\"https:\/\/casaloalto.com\/en\/forms-of-payment-and-returns\" \/>\n<meta property=\"og:locale\" content=\"en_US\" \/>\n<meta property=\"og:type\" content=\"article\" \/>\n<meta property=\"og:title\" content=\"Forms of payment and returns - Casa lo Alto\" \/>\n<meta property=\"og:description\" content=\"FORMAS DE PAGO murviedro.es\/casaloalto le permite realizar sus compras con los siguientes medios de pago. Tarjeta de cr\u00e9dito: A trav\u00e9s de una pasarela de pago segura con nuestro banco, gestionado por El Mirall On-line SL. murviedro.es\/casaloalto, no tendr\u00e1 acceso a los datos de su tarjeta de cr\u00e9dito. Contrareembolso:\u00a0Pago a la entrega.\u00a0Gastos de gesti\u00f3n +1\u20ac. POL\u00cdTICA...\" \/>\n<meta property=\"og:url\" content=\"https:\/\/casaloalto.com\/en\/forms-of-payment-and-returns\" \/>\n<meta property=\"og:site_name\" content=\"Casa lo Alto\" \/>\n<meta property=\"article:publisher\" content=\"https:\/\/www.facebook.com\/LoAltoVinos\" \/>\n<meta property=\"og:image\" content=\"https:\/\/casaloalto.com\/wp-content\/uploads\/2023\/10\/fondo-negro-claim-ENG-2048x1018-1.jpg\" \/>\n\t<meta property=\"og:image:width\" content=\"2048\" \/>\n\t<meta property=\"og:image:height\" content=\"1018\" \/>\n\t<meta property=\"og:image:type\" content=\"image\/jpeg\" \/>\n<meta name=\"twitter:card\" content=\"summary_large_image\" \/>\n<meta name=\"twitter:site\" content=\"@_loalto_\" \/>\n<meta name=\"twitter:label1\" content=\"Est. reading time\" \/>\n\t<meta name=\"twitter:data1\" content=\"1 minute\" \/>\n<script type=\"application\/ld+json\" class=\"yoast-schema-graph\">{\"@context\":\"https:\/\/schema.org\",\"@graph\":[{\"@type\":\"WebPage\",\"@id\":\"https:\/\/casaloalto.com\/en\/forms-of-payment-and-returns\",\"url\":\"https:\/\/casaloalto.com\/en\/forms-of-payment-and-returns\",\"name\":\"Forms of payment and returns - Casa lo Alto\",\"isPartOf\":{\"@id\":\"https:\/\/casaloalto.com\/#website\"},\"datePublished\":\"2022-02-24T18:50:39+00:00\",\"breadcrumb\":{\"@id\":\"https:\/\/casaloalto.com\/en\/forms-of-payment-and-returns#breadcrumb\"},\"inLanguage\":\"en-US\",\"potentialAction\":[{\"@type\":\"ReadAction\",\"target\":[\"https:\/\/casaloalto.com\/en\/forms-of-payment-and-returns\"]}]},{\"@type\":\"BreadcrumbList\",\"@id\":\"https:\/\/casaloalto.com\/en\/forms-of-payment-and-returns#breadcrumb\",\"itemListElement\":[{\"@type\":\"ListItem\",\"position\":1,\"name\":\"Portada\",\"item\":\"https:\/\/casaloalto.com\/en\"},{\"@type\":\"ListItem\",\"position\":2,\"name\":\"Forms of payment and returns\"}]},{\"@type\":\"WebSite\",\"@id\":\"https:\/\/casaloalto.com\/#website\",\"url\":\"https:\/\/casaloalto.com\/\",\"name\":\"LoAlto\",\"description\":\"Otro sitio realizado con WordPress\",\"publisher\":{\"@id\":\"https:\/\/casaloalto.com\/#organization\"},\"alternateName\":\"LoAlto _ el paisaje habitado\",\"potentialAction\":[{\"@type\":\"SearchAction\",\"target\":{\"@type\":\"EntryPoint\",\"urlTemplate\":\"https:\/\/casaloalto.com\/?s={search_term_string}\"},\"query-input\":{\"@type\":\"PropertyValueSpecification\",\"valueRequired\":true,\"valueName\":\"search_term_string\"}}],\"inLanguage\":\"en-US\"},{\"@type\":\"Organization\",\"@id\":\"https:\/\/casaloalto.com\/#organization\",\"name\":\"LoAlto\",\"alternateName\":\"LoAlto _ el paisaje habitado\",\"url\":\"https:\/\/casaloalto.com\/\",\"logo\":{\"@type\":\"ImageObject\",\"inLanguage\":\"en-US\",\"@id\":\"https:\/\/casaloalto.com\/#\/schema\/logo\/image\/\",\"url\":\"https:\/\/casaloalto.com\/wp-content\/uploads\/2022\/01\/loalto-footer-130.png\",\"contentUrl\":\"https:\/\/casaloalto.com\/wp-content\/uploads\/2022\/01\/loalto-footer-130.png\",\"width\":130,\"height\":130,\"caption\":\"LoAlto\"},\"image\":{\"@id\":\"https:\/\/casaloalto.com\/#\/schema\/logo\/image\/\"},\"sameAs\":[\"https:\/\/www.facebook.com\/LoAltoVinos\",\"https:\/\/x.com\/_loalto_\",\"https:\/\/www.instagram.com\/_loalto_\/\"]}]}<\/script>\n<!-- \/ Yoast SEO plugin. -->","yoast_head_json":{"title":"Forms of payment and returns - Casa lo Alto","robots":{"index":"index","follow":"follow","max-snippet":"max-snippet:-1","max-image-preview":"max-image-preview:large","max-video-preview":"max-video-preview:-1"},"canonical":"https:\/\/casaloalto.com\/en\/forms-of-payment-and-returns","og_locale":"en_US","og_type":"article","og_title":"Forms of payment and returns - Casa lo Alto","og_description":"FORMAS DE PAGO murviedro.es\/casaloalto le permite realizar sus compras con los siguientes medios de pago. Tarjeta de cr\u00e9dito: A trav\u00e9s de una pasarela de pago segura con nuestro banco, gestionado por El Mirall On-line SL. murviedro.es\/casaloalto, no tendr\u00e1 acceso a los datos de su tarjeta de cr\u00e9dito. Contrareembolso:\u00a0Pago a la entrega.\u00a0Gastos de gesti\u00f3n +1\u20ac. POL\u00cdTICA...","og_url":"https:\/\/casaloalto.com\/en\/forms-of-payment-and-returns","og_site_name":"Casa lo Alto","article_publisher":"https:\/\/www.facebook.com\/LoAltoVinos","og_image":[{"width":2048,"height":1018,"url":"https:\/\/casaloalto.com\/wp-content\/uploads\/2023\/10\/fondo-negro-claim-ENG-2048x1018-1.jpg","type":"image\/jpeg"}],"twitter_card":"summary_large_image","twitter_site":"@_loalto_","twitter_misc":{"Est. reading time":"1 minute"},"schema":{"@context":"https:\/\/schema.org","@graph":[{"@type":"WebPage","@id":"https:\/\/casaloalto.com\/en\/forms-of-payment-and-returns","url":"https:\/\/casaloalto.com\/en\/forms-of-payment-and-returns","name":"Forms of payment and returns - Casa lo Alto","isPartOf":{"@id":"https:\/\/casaloalto.com\/#website"},"datePublished":"2022-02-24T18:50:39+00:00","breadcrumb":{"@id":"https:\/\/casaloalto.com\/en\/forms-of-payment-and-returns#breadcrumb"},"inLanguage":"en-US","potentialAction":[{"@type":"ReadAction","target":["https:\/\/casaloalto.com\/en\/forms-of-payment-and-returns"]}]},{"@type":"BreadcrumbList","@id":"https:\/\/casaloalto.com\/en\/forms-of-payment-and-returns#breadcrumb","itemListElement":[{"@type":"ListItem","position":1,"name":"Portada","item":"https:\/\/casaloalto.com\/en"},{"@type":"ListItem","position":2,"name":"Forms of payment and returns"}]},{"@type":"WebSite","@id":"https:\/\/casaloalto.com\/#website","url":"https:\/\/casaloalto.com\/","name":"LoAlto","description":"Otro sitio realizado con WordPress","publisher":{"@id":"https:\/\/casaloalto.com\/#organization"},"alternateName":"LoAlto _ el paisaje habitado","potentialAction":[{"@type":"SearchAction","target":{"@type":"EntryPoint","urlTemplate":"https:\/\/casaloalto.com\/?s={search_term_string}"},"query-input":{"@type":"PropertyValueSpecification","valueRequired":true,"valueName":"search_term_string"}}],"inLanguage":"en-US"},{"@type":"Organization","@id":"https:\/\/casaloalto.com\/#organization","name":"LoAlto","alternateName":"LoAlto _ el paisaje habitado","url":"https:\/\/casaloalto.com\/","logo":{"@type":"ImageObject","inLanguage":"en-US","@id":"https:\/\/casaloalto.com\/#\/schema\/logo\/image\/","url":"https:\/\/casaloalto.com\/wp-content\/uploads\/2022\/01\/loalto-footer-130.png","contentUrl":"https:\/\/casaloalto.com\/wp-content\/uploads\/2022\/01\/loalto-footer-130.png","width":130,"height":130,"caption":"LoAlto"},"image":{"@id":"https:\/\/casaloalto.com\/#\/schema\/logo\/image\/"},"sameAs":["https:\/\/www.facebook.com\/LoAltoVinos","https:\/\/x.com\/_loalto_","https:\/\/www.instagram.com\/_loalto_\/"]}]}},"_links":{"self":[{"href":"https:\/\/casaloalto.com\/en\/wp-json\/wp\/v2\/pages\/9469","targetHints":{"allow":["GET"]}}],"collection":[{"href":"https:\/\/casaloalto.com\/en\/wp-json\/wp\/v2\/pages"}],"about":[{"href":"https:\/\/casaloalto.com\/en\/wp-json\/wp\/v2\/types\/page"}],"author":[{"embeddable":true,"href":"https:\/\/casaloalto.com\/en\/wp-json\/wp\/v2\/users\/1"}],"replies":[{"embeddable":true,"href":"https:\/\/casaloalto.com\/en\/wp-json\/wp\/v2\/comments?post=9469"}],"version-history":[{"count":1,"href":"https:\/\/casaloalto.com\/en\/wp-json\/wp\/v2\/pages\/9469\/revisions"}],"predecessor-version":[{"id":9470,"href":"https:\/\/casaloalto.com\/en\/wp-json\/wp\/v2\/pages\/9469\/revisions\/9470"}],"wp:attachment":[{"href":"https:\/\/casaloalto.com\/en\/wp-json\/wp\/v2\/media?parent=9469"}],"curies":[{"name":"wp","href":"https:\/\/api.w.org\/{rel}","templated":true}]}}