{"id":9467,"date":"2022-02-24T19:48:54","date_gmt":"2022-02-24T18:48:54","guid":{"rendered":"https:\/\/casaloalto.com\/?page_id=9467"},"modified":"2022-02-24T19:48:54","modified_gmt":"2022-02-24T18:48:54","slug":"shipping-policy","status":"publish","type":"page","link":"https:\/\/casaloalto.com\/en\/shipping-policy","title":{"rendered":"Shipping policy"},"content":{"rendered":"<p>Todos los env\u00edos ser\u00e1n atendidos de lunes a viernes, por orden de entrada, y despachados diariamente. Los pedidos recibidos durante el fin de semana ser\u00e1n despachados el lunes. Los env\u00edos se har\u00e1n a la direcci\u00f3n que el cliente nos indique, pudiendo ser distinta de la direcci\u00f3n de facturaci\u00f3n. Los plazos de entrega son v\u00e1lidos desde el momento de la recepci\u00f3n del pago. murviedro.es\/casaloalto ofrece la posibilidad de entregar su env\u00edo, en el d\u00eda concreto que decida, siempre que el cliente tenga en cuenta los plazos m\u00ednimos.<\/p>\n<h5>PLAZOS DE ENTREGA<\/h5>\n<p><strong>PENINSULA Y BALEARES<\/strong>&#8230;&#8230;&#8230;&#8230;&#8230;&#8230;&#8230;&#8230;&#8230;&#8230;&#8230;&#8230;&#8230;&#8230;&#8230;&#8230;&#8230;&#8230;&#8230;&#8230;&#8230;&#8230;&#8230;&#8230;&#8230;&#8230;&#8230;.\u00a0<strong>48 &#8211; 72 \u00a0HORAS*<\/strong><br \/>\n*En el caso de pago por transferencia bancaria, los plazos de entrega ser\u00e1n v\u00e1lidos a partir de la recepci\u00f3n del cobro en nuestra entidad.<\/p>\n<h5>PRECIOS DE LOS ENV\u00cdOS<\/h5>\n<ul>\n<li><strong>Servicio Mensajer\u00eda Pen\u00ednsula y Baleares<\/strong><strong>\u00a05,95\u20ac<\/strong>.<\/li>\n<li><strong>Contra reembolso:\u00a0Cargo por gesti\u00f3n\u00a0+1,00\u20ac<\/strong><\/li>\n<\/ul>\n<h6><span class=\"red\">Pedidos superiores a 59\u20ac, env\u00edo gratuito en Pen\u00ednsula y Baleares.<\/span><\/h6>\n<p>murviedro.es\/casaloalto desea ofrecerle un buen servicio y para ello necesitamos su ayuda. Si su paquete no llegase en perfectas condiciones, o se incumplieran los plazos de entrega, h\u00e1ganoslo saber en <a href=\"mailto:clientes@elmiralldistribuciones.com?subject=Reclamaci\">clientes@elmiralldistribuciones.com<\/a>. Necesitamos su opini\u00f3n para mejorar.<\/p>\n","protected":false},"excerpt":{"rendered":"<p>Todos los env\u00edos ser\u00e1n atendidos de lunes a viernes, por orden de entrada, y despachados diariamente. Los pedidos recibidos durante el fin de semana ser\u00e1n despachados el lunes. Los env\u00edos se har\u00e1n a la direcci\u00f3n que el cliente nos indique, pudiendo ser distinta de la direcci\u00f3n de facturaci\u00f3n. Los plazos de entrega son v\u00e1lidos desde&#8230;<\/p>\n","protected":false},"author":1,"featured_media":0,"parent":0,"menu_order":0,"comment_status":"closed","ping_status":"closed","template":"page-plain.php","meta":{"_acf_changed":false,"footnotes":""},"class_list":["post-9467","page","type-page","status-publish","hentry"],"acf":[],"yoast_head":"<!-- This site is optimized with the Yoast SEO plugin v26.3 - https:\/\/yoast.com\/wordpress\/plugins\/seo\/ -->\n<title>Shipping policy - Casa lo Alto<\/title>\n<meta name=\"robots\" content=\"index, follow, max-snippet:-1, max-image-preview:large, max-video-preview:-1\" \/>\n<link rel=\"canonical\" href=\"https:\/\/casaloalto.com\/en\/shipping-policy\" \/>\n<meta property=\"og:locale\" content=\"en_US\" \/>\n<meta property=\"og:type\" content=\"article\" \/>\n<meta property=\"og:title\" content=\"Shipping policy - Casa lo Alto\" \/>\n<meta property=\"og:description\" content=\"Todos los env\u00edos ser\u00e1n atendidos de lunes a viernes, por orden de entrada, y despachados diariamente. Los pedidos recibidos durante el fin de semana ser\u00e1n despachados el lunes. Los env\u00edos se har\u00e1n a la direcci\u00f3n que el cliente nos indique, pudiendo ser distinta de la direcci\u00f3n de facturaci\u00f3n. Los plazos de entrega son v\u00e1lidos desde...\" \/>\n<meta property=\"og:url\" content=\"https:\/\/casaloalto.com\/en\/shipping-policy\" \/>\n<meta property=\"og:site_name\" content=\"Casa lo Alto\" \/>\n<meta property=\"article:publisher\" content=\"https:\/\/www.facebook.com\/LoAltoVinos\" \/>\n<meta property=\"og:image\" content=\"https:\/\/casaloalto.com\/wp-content\/uploads\/2023\/10\/fondo-negro-claim-ENG-2048x1018-1.jpg\" \/>\n\t<meta property=\"og:image:width\" content=\"2048\" \/>\n\t<meta property=\"og:image:height\" content=\"1018\" \/>\n\t<meta property=\"og:image:type\" content=\"image\/jpeg\" \/>\n<meta name=\"twitter:card\" content=\"summary_large_image\" \/>\n<meta name=\"twitter:site\" content=\"@_loalto_\" \/>\n<meta name=\"twitter:label1\" content=\"Est. reading time\" \/>\n\t<meta name=\"twitter:data1\" content=\"1 minute\" \/>\n<script type=\"application\/ld+json\" class=\"yoast-schema-graph\">{\"@context\":\"https:\/\/schema.org\",\"@graph\":[{\"@type\":\"WebPage\",\"@id\":\"https:\/\/casaloalto.com\/en\/shipping-policy\",\"url\":\"https:\/\/casaloalto.com\/en\/shipping-policy\",\"name\":\"Shipping policy - Casa lo Alto\",\"isPartOf\":{\"@id\":\"https:\/\/casaloalto.com\/#website\"},\"datePublished\":\"2022-02-24T18:48:54+00:00\",\"breadcrumb\":{\"@id\":\"https:\/\/casaloalto.com\/en\/shipping-policy#breadcrumb\"},\"inLanguage\":\"en-US\",\"potentialAction\":[{\"@type\":\"ReadAction\",\"target\":[\"https:\/\/casaloalto.com\/en\/shipping-policy\"]}]},{\"@type\":\"BreadcrumbList\",\"@id\":\"https:\/\/casaloalto.com\/en\/shipping-policy#breadcrumb\",\"itemListElement\":[{\"@type\":\"ListItem\",\"position\":1,\"name\":\"Portada\",\"item\":\"https:\/\/casaloalto.com\/en\"},{\"@type\":\"ListItem\",\"position\":2,\"name\":\"Shipping policy\"}]},{\"@type\":\"WebSite\",\"@id\":\"https:\/\/casaloalto.com\/#website\",\"url\":\"https:\/\/casaloalto.com\/\",\"name\":\"LoAlto\",\"description\":\"Otro sitio realizado con WordPress\",\"publisher\":{\"@id\":\"https:\/\/casaloalto.com\/#organization\"},\"alternateName\":\"LoAlto _ el paisaje habitado\",\"potentialAction\":[{\"@type\":\"SearchAction\",\"target\":{\"@type\":\"EntryPoint\",\"urlTemplate\":\"https:\/\/casaloalto.com\/?s={search_term_string}\"},\"query-input\":{\"@type\":\"PropertyValueSpecification\",\"valueRequired\":true,\"valueName\":\"search_term_string\"}}],\"inLanguage\":\"en-US\"},{\"@type\":\"Organization\",\"@id\":\"https:\/\/casaloalto.com\/#organization\",\"name\":\"LoAlto\",\"alternateName\":\"LoAlto _ el paisaje habitado\",\"url\":\"https:\/\/casaloalto.com\/\",\"logo\":{\"@type\":\"ImageObject\",\"inLanguage\":\"en-US\",\"@id\":\"https:\/\/casaloalto.com\/#\/schema\/logo\/image\/\",\"url\":\"https:\/\/casaloalto.com\/wp-content\/uploads\/2022\/01\/loalto-footer-130.png\",\"contentUrl\":\"https:\/\/casaloalto.com\/wp-content\/uploads\/2022\/01\/loalto-footer-130.png\",\"width\":130,\"height\":130,\"caption\":\"LoAlto\"},\"image\":{\"@id\":\"https:\/\/casaloalto.com\/#\/schema\/logo\/image\/\"},\"sameAs\":[\"https:\/\/www.facebook.com\/LoAltoVinos\",\"https:\/\/x.com\/_loalto_\",\"https:\/\/www.instagram.com\/_loalto_\/\"]}]}<\/script>\n<!-- \/ Yoast SEO plugin. -->","yoast_head_json":{"title":"Shipping policy - Casa lo Alto","robots":{"index":"index","follow":"follow","max-snippet":"max-snippet:-1","max-image-preview":"max-image-preview:large","max-video-preview":"max-video-preview:-1"},"canonical":"https:\/\/casaloalto.com\/en\/shipping-policy","og_locale":"en_US","og_type":"article","og_title":"Shipping policy - Casa lo Alto","og_description":"Todos los env\u00edos ser\u00e1n atendidos de lunes a viernes, por orden de entrada, y despachados diariamente. Los pedidos recibidos durante el fin de semana ser\u00e1n despachados el lunes. Los env\u00edos se har\u00e1n a la direcci\u00f3n que el cliente nos indique, pudiendo ser distinta de la direcci\u00f3n de facturaci\u00f3n. Los plazos de entrega son v\u00e1lidos desde...","og_url":"https:\/\/casaloalto.com\/en\/shipping-policy","og_site_name":"Casa lo Alto","article_publisher":"https:\/\/www.facebook.com\/LoAltoVinos","og_image":[{"width":2048,"height":1018,"url":"https:\/\/casaloalto.com\/wp-content\/uploads\/2023\/10\/fondo-negro-claim-ENG-2048x1018-1.jpg","type":"image\/jpeg"}],"twitter_card":"summary_large_image","twitter_site":"@_loalto_","twitter_misc":{"Est. reading time":"1 minute"},"schema":{"@context":"https:\/\/schema.org","@graph":[{"@type":"WebPage","@id":"https:\/\/casaloalto.com\/en\/shipping-policy","url":"https:\/\/casaloalto.com\/en\/shipping-policy","name":"Shipping policy - Casa lo Alto","isPartOf":{"@id":"https:\/\/casaloalto.com\/#website"},"datePublished":"2022-02-24T18:48:54+00:00","breadcrumb":{"@id":"https:\/\/casaloalto.com\/en\/shipping-policy#breadcrumb"},"inLanguage":"en-US","potentialAction":[{"@type":"ReadAction","target":["https:\/\/casaloalto.com\/en\/shipping-policy"]}]},{"@type":"BreadcrumbList","@id":"https:\/\/casaloalto.com\/en\/shipping-policy#breadcrumb","itemListElement":[{"@type":"ListItem","position":1,"name":"Portada","item":"https:\/\/casaloalto.com\/en"},{"@type":"ListItem","position":2,"name":"Shipping policy"}]},{"@type":"WebSite","@id":"https:\/\/casaloalto.com\/#website","url":"https:\/\/casaloalto.com\/","name":"LoAlto","description":"Otro sitio realizado con WordPress","publisher":{"@id":"https:\/\/casaloalto.com\/#organization"},"alternateName":"LoAlto _ el paisaje habitado","potentialAction":[{"@type":"SearchAction","target":{"@type":"EntryPoint","urlTemplate":"https:\/\/casaloalto.com\/?s={search_term_string}"},"query-input":{"@type":"PropertyValueSpecification","valueRequired":true,"valueName":"search_term_string"}}],"inLanguage":"en-US"},{"@type":"Organization","@id":"https:\/\/casaloalto.com\/#organization","name":"LoAlto","alternateName":"LoAlto _ el paisaje habitado","url":"https:\/\/casaloalto.com\/","logo":{"@type":"ImageObject","inLanguage":"en-US","@id":"https:\/\/casaloalto.com\/#\/schema\/logo\/image\/","url":"https:\/\/casaloalto.com\/wp-content\/uploads\/2022\/01\/loalto-footer-130.png","contentUrl":"https:\/\/casaloalto.com\/wp-content\/uploads\/2022\/01\/loalto-footer-130.png","width":130,"height":130,"caption":"LoAlto"},"image":{"@id":"https:\/\/casaloalto.com\/#\/schema\/logo\/image\/"},"sameAs":["https:\/\/www.facebook.com\/LoAltoVinos","https:\/\/x.com\/_loalto_","https:\/\/www.instagram.com\/_loalto_\/"]}]}},"_links":{"self":[{"href":"https:\/\/casaloalto.com\/en\/wp-json\/wp\/v2\/pages\/9467","targetHints":{"allow":["GET"]}}],"collection":[{"href":"https:\/\/casaloalto.com\/en\/wp-json\/wp\/v2\/pages"}],"about":[{"href":"https:\/\/casaloalto.com\/en\/wp-json\/wp\/v2\/types\/page"}],"author":[{"embeddable":true,"href":"https:\/\/casaloalto.com\/en\/wp-json\/wp\/v2\/users\/1"}],"replies":[{"embeddable":true,"href":"https:\/\/casaloalto.com\/en\/wp-json\/wp\/v2\/comments?post=9467"}],"version-history":[{"count":1,"href":"https:\/\/casaloalto.com\/en\/wp-json\/wp\/v2\/pages\/9467\/revisions"}],"predecessor-version":[{"id":9468,"href":"https:\/\/casaloalto.com\/en\/wp-json\/wp\/v2\/pages\/9467\/revisions\/9468"}],"wp:attachment":[{"href":"https:\/\/casaloalto.com\/en\/wp-json\/wp\/v2\/media?parent=9467"}],"curies":[{"name":"wp","href":"https:\/\/api.w.org\/{rel}","templated":true}]}}