{"id":9465,"date":"2022-02-24T19:47:22","date_gmt":"2022-02-24T18:47:22","guid":{"rendered":"https:\/\/casaloalto.com\/?page_id=9465"},"modified":"2022-02-24T19:47:22","modified_gmt":"2022-02-24T18:47:22","slug":"cookies-policy","status":"publish","type":"page","link":"https:\/\/casaloalto.com\/en\/cookies-policy","title":{"rendered":"Cookies Policy"},"content":{"rendered":"<h4>INFORMACI\u00d3N DE INTER\u00c9S PARA EL USUARIO<\/h4>\n<p>Las cookies recogen informaci\u00f3n web para ofrecerte una mejor experiencia online, son unos ficheros que se descargan en su ordenador, o en el dispositivo desde el que est\u00e9 accediendo a la p\u00e1gina web. Se trata de una t\u00e9cnica usada de manera habitual en Internet para llevar a cabo determinadas funciones que son consideradas imprescindibles para el correcto funcionamiento y visualizaci\u00f3n del sitio. Las cookies utilizadas en el sitio web tienen, en todo caso, car\u00e1cter temporal con la \u00fanica finalidad de hacer m\u00e1s eficaz su transmisi\u00f3n ulterior y desaparecen al terminar la sesi\u00f3n del usuario. En ning\u00fan caso se utilizar\u00e1n las cookies para recoger informaci\u00f3n de car\u00e1cter personal.<\/p>\n<p>&nbsp;<\/p>\n<p>En murviedro.es\/tienda\u00a0utilizamos cookies, si contin\u00faas navegando, consideramos que aceptas su uso.<\/p>\n<h4>POL\u00cdTICA DE COOKIES<\/h4>\n<p>De conformidad con la normativa espa\u00f1ola que regula el uso de cookies en relaci\u00f3n a la prestaci\u00f3n de servicios de comunicaciones electr\u00f3nicas, recogida en el Real Decreto-ley 13\/2012, de 30 de marzo, le informamos sobre las cookies utilizadas en el sitio web de BODEGAS MURVIEDRO SA (en adelante, el \u201cSitio Web\u201d) y el motivo de su uso. Asimismo, BODEGAS MURVIEDRO SA le informa de que al navegar en el Sitio Web usted est\u00e1 prestando su consentimiento para poder utilizarlas.<\/p>\n<p>&nbsp;<\/p>\n<p>Las cookies utilizadas en nuestro Sitio Web, son propias y de terceros, y nos permiten almacenar y acceder a informaci\u00f3n relativa el tipo de navegador utilizado, y otras caracter\u00edsticas generales predefinidas por el usuario, as\u00ed como, seguir y analizar la actividad que lleva a cabo (<strong>aceptacookie<\/strong>), con el objeto de introducir mejoras y prestar nuestros servicios de una manera m\u00e1s eficiente y personalizada. Estas son cookies t\u00e9cnicas y de personalizaci\u00f3n. Tambi\u00e9n se incluyen algunas cookies propias de WordPress, el framework utilizado para el desarrollo de la tienda online\u00a0(<strong>P13<\/strong>,\u00a0<strong>P14<\/strong>,\u00a0<strong>PrestaShop-<\/strong>) pero solo se utilizan para mejorar la experiencia de la web.<\/p>\n<p>&nbsp;<\/p>\n<p>Adem\u00e1s, utilizamos unas cookies de an\u00e1lisis que nos permite cuantificar el n\u00famero de usuarios y as\u00ed realizar la medici\u00f3n y an\u00e1lisis estad\u00edstico de la utilizaci\u00f3n que se hace del servicio ofertado. Para ello se analiza su navegaci\u00f3n en nuestra p\u00e1gina web con el fin de mejorar la oferta de productos o servicios que le ofrece la plataforma. Esta cookie es necesaria al utilizar la herramienta de est\u00e1disticas como Google Analytics (<strong>__ga<\/strong>, y\u00a0<strong>__gat<\/strong>). Tambi\u00e9n es posible que se cuente con otras cookies relacionadas con los servicios de Google, en nuestro caso de la utilizaci\u00f3n de Google Maps (<strong>APISID<\/strong>,\u00a0<strong>HSID<\/strong>,\u00a0<strong>NID<\/strong>,\u00a0<strong>PREF<\/strong>,\u00a0<strong>SID<\/strong>,\u00a0<strong>SSID<\/strong>,\u00a0<strong>SAPISID<\/strong>) y YouTube (<strong>ACTIVITY<\/strong>,\u00a0<strong>CONSENT<\/strong>,\u00a0<strong>GEUP<\/strong>,\u00a0<strong>CURvQ.resume<\/strong>,\u00a0<strong>LOGIN_INFO<\/strong>,\u00a0<strong>VISITOR_INFO_LIVE<\/strong>,\u00a0<strong>YSC, DKV<\/strong>).<\/p>\n<p>&nbsp;<\/p>\n<p>Al indexar con nuestras redes sociales tambi\u00e9n se utilizan algunas cookies propias de facebook (<strong>_ga<\/strong>,\u00a0<strong>act<\/strong>,\u00a0<strong>c_user<\/strong>,\u00a0<strong>csm<\/strong>,\u00a0<strong>datr<\/strong>,\u00a0<strong>fr<\/strong>,\u00a0<strong>lu<\/strong>,\u00a0<strong>p<\/strong>,\u00a0<strong>presence<\/strong>,\u00a0<strong>s<\/strong>,\u00a0<strong>xs<\/strong>,\u00a0<strong>reg_fb_rel<\/strong>,\u00a0<strong>reg_fb_gate<\/strong>) y twitter (<strong>__utma<\/strong>,\u00a0<strong>__utmb<\/strong>,\u00a0<strong>__utmc<\/strong>,\u00a0<strong>__utmz<\/strong>,\u00a0<strong>_ga<\/strong>,\u00a0<strong>_twitter_sess<\/strong>,\u00a0<strong>auth_token<\/strong>,\u00a0<strong>guest_id<\/strong>,\u00a0<strong>kdt<\/strong>,<strong>rememeber_checked_on<\/strong>,\u00a0<strong>twid<\/strong>).<\/p>\n<p>&nbsp;<\/p>\n<p>La utilizaci\u00f3n de las cookies ofrece numerosas ventajas en la prestaci\u00f3n de servicios de la sociedad de la informaci\u00f3n, puesto que, entre otras: (i) facilita al usuario la navegaci\u00f3n en el Sitio Web y el acceso a los diferentes servicios que ofrece; (ii) evita al usuario configurar las caracter\u00edsticas generales predefinidas cada vez que accede al Sitio Web; (iii) favorece la mejora del funcionamiento y de los servicios prestados a trav\u00e9s del Sitio Web, tras el correspondiente an\u00e1lisis de la informaci\u00f3n obtenida a trav\u00e9s de las cookies instaladas.<\/p>\n<p>&nbsp;<\/p>\n<p>No obstante, puede configurar su navegador, aceptando o rechazando todas las cookies, o bien seleccionar aquellas cuya instalaci\u00f3n admite y cu\u00e1les no, siguiendo uno de los siguientes procedimientos, dependiendo del navegador utilizado:<\/p>\n<p>&nbsp;<\/p>\n<p><strong>Google Chrome<\/strong>\u00a0(en el Men\u00fa Herramientas) Configuraci\u00f3n &gt; Mostrar opciones avanzadas &gt; Privacidad (Configuraci\u00f3n de Contenido) &gt; Cookies M\u00e1s informaci\u00f3n:\u00a0<a href=\"https:\/\/support.google.com\/chrome\/answer\/95647?hl=es\" target=\"_blank\" rel=\"noopener noreferrer\">https:\/\/support.google.com\/chrome\/answer\/95647?hl=es<\/a><br \/>\n<strong>Microsoft Internet Explorer<\/strong>\u00a0(en el Men\u00fa Herramientas) Opciones de Internet &gt; Privacidad &gt; Avanzada M\u00e1s informaci\u00f3n:\u00a0<a href=\"http:\/\/windows.microsoft.com\/es-es\/internet-explorer\/delete-manage-cookies#ie=ie-9\" target=\"_blank\" rel=\"noopener noreferrer\">http:\/\/windows.microsoft.com\/es-es\/internet-explorer\/delete-manage-cookies#ie=ie-9<\/a><br \/>\n<strong>Firefox<\/strong>\u00a0Opciones &gt; Privacidad &gt; Cookies M\u00e1s informaci\u00f3n:\u00a0<a href=\"http:\/\/support.mozilla.org\/es\/kb\/habilitar-y-deshabilitar-cookies-que-los-sitios-we\" target=\"_blank\" rel=\"noopener noreferrer\">http:\/\/support.mozilla.org\/es\/kb\/habilitar-y-deshabilitar-cookies-que-los-sitios-we<\/a><br \/>\n<strong>Safari , iPad y iPhone<\/strong>\u00a0Preferencias &gt; Privacidad M\u00e1s informaci\u00f3n:\u00a0<a href=\"http:\/\/www.apple.com\/es\/privacy\/use-of-cookies\/\" target=\"_blank\" rel=\"noopener noreferrer\">http:\/\/www.apple.com\/es\/privacy\/use-of-cookies\/<\/a><br \/>\n<strong>Opera<\/strong>\u00a0Configuraci\u00f3n &gt; Opciones &gt; Avanzado &gt; Cookies M\u00e1s informaci\u00f3n:\u00a0<a href=\"http:\/\/help.opera.com\/Linux\/10.60\/es-ES\/cookies.html\" target=\"_blank\" rel=\"noopener noreferrer\">http:\/\/help.opera.com\/Linux\/10.60\/es-ES\/cookies.html<\/a><\/p>\n","protected":false},"excerpt":{"rendered":"<p>INFORMACI\u00d3N DE INTER\u00c9S PARA EL USUARIO Las cookies recogen informaci\u00f3n web para ofrecerte una mejor experiencia online, son unos ficheros que se descargan en su ordenador, o en el dispositivo desde el que est\u00e9 accediendo a la p\u00e1gina web. Se trata de una t\u00e9cnica usada de manera habitual en Internet para llevar a cabo determinadas&#8230;<\/p>\n","protected":false},"author":1,"featured_media":0,"parent":0,"menu_order":0,"comment_status":"closed","ping_status":"closed","template":"page-plain.php","meta":{"_acf_changed":false,"footnotes":""},"class_list":["post-9465","page","type-page","status-publish","hentry"],"acf":[],"yoast_head":"<!-- This site is optimized with the Yoast SEO plugin v26.3 - https:\/\/yoast.com\/wordpress\/plugins\/seo\/ -->\n<title>Cookies Policy - Casa lo Alto<\/title>\n<meta name=\"robots\" content=\"index, follow, max-snippet:-1, max-image-preview:large, max-video-preview:-1\" \/>\n<link rel=\"canonical\" href=\"https:\/\/casaloalto.com\/en\/cookies-policy\" \/>\n<meta property=\"og:locale\" content=\"en_US\" \/>\n<meta property=\"og:type\" content=\"article\" \/>\n<meta property=\"og:title\" content=\"Cookies Policy - Casa lo Alto\" \/>\n<meta property=\"og:description\" content=\"INFORMACI\u00d3N DE INTER\u00c9S PARA EL USUARIO Las cookies recogen informaci\u00f3n web para ofrecerte una mejor experiencia online, son unos ficheros que se descargan en su ordenador, o en el dispositivo desde el que est\u00e9 accediendo a la p\u00e1gina web. Se trata de una t\u00e9cnica usada de manera habitual en Internet para llevar a cabo determinadas...\" \/>\n<meta property=\"og:url\" content=\"https:\/\/casaloalto.com\/en\/cookies-policy\" \/>\n<meta property=\"og:site_name\" content=\"Casa lo Alto\" \/>\n<meta property=\"article:publisher\" content=\"https:\/\/www.facebook.com\/LoAltoVinos\" \/>\n<meta property=\"og:image\" content=\"https:\/\/casaloalto.com\/wp-content\/uploads\/2023\/10\/fondo-negro-claim-ENG-2048x1018-1.jpg\" \/>\n\t<meta property=\"og:image:width\" content=\"2048\" \/>\n\t<meta property=\"og:image:height\" content=\"1018\" \/>\n\t<meta property=\"og:image:type\" content=\"image\/jpeg\" \/>\n<meta name=\"twitter:card\" content=\"summary_large_image\" \/>\n<meta name=\"twitter:site\" content=\"@_loalto_\" \/>\n<meta name=\"twitter:label1\" content=\"Est. reading time\" \/>\n\t<meta name=\"twitter:data1\" content=\"4 minutes\" \/>\n<script type=\"application\/ld+json\" class=\"yoast-schema-graph\">{\"@context\":\"https:\/\/schema.org\",\"@graph\":[{\"@type\":\"WebPage\",\"@id\":\"https:\/\/casaloalto.com\/en\/cookies-policy\",\"url\":\"https:\/\/casaloalto.com\/en\/cookies-policy\",\"name\":\"Cookies Policy - Casa lo Alto\",\"isPartOf\":{\"@id\":\"https:\/\/casaloalto.com\/#website\"},\"datePublished\":\"2022-02-24T18:47:22+00:00\",\"breadcrumb\":{\"@id\":\"https:\/\/casaloalto.com\/en\/cookies-policy#breadcrumb\"},\"inLanguage\":\"en-US\",\"potentialAction\":[{\"@type\":\"ReadAction\",\"target\":[\"https:\/\/casaloalto.com\/en\/cookies-policy\"]}]},{\"@type\":\"BreadcrumbList\",\"@id\":\"https:\/\/casaloalto.com\/en\/cookies-policy#breadcrumb\",\"itemListElement\":[{\"@type\":\"ListItem\",\"position\":1,\"name\":\"Portada\",\"item\":\"https:\/\/casaloalto.com\/en\"},{\"@type\":\"ListItem\",\"position\":2,\"name\":\"Cookies Policy\"}]},{\"@type\":\"WebSite\",\"@id\":\"https:\/\/casaloalto.com\/#website\",\"url\":\"https:\/\/casaloalto.com\/\",\"name\":\"LoAlto\",\"description\":\"Otro sitio realizado con WordPress\",\"publisher\":{\"@id\":\"https:\/\/casaloalto.com\/#organization\"},\"alternateName\":\"LoAlto _ el paisaje habitado\",\"potentialAction\":[{\"@type\":\"SearchAction\",\"target\":{\"@type\":\"EntryPoint\",\"urlTemplate\":\"https:\/\/casaloalto.com\/?s={search_term_string}\"},\"query-input\":{\"@type\":\"PropertyValueSpecification\",\"valueRequired\":true,\"valueName\":\"search_term_string\"}}],\"inLanguage\":\"en-US\"},{\"@type\":\"Organization\",\"@id\":\"https:\/\/casaloalto.com\/#organization\",\"name\":\"LoAlto\",\"alternateName\":\"LoAlto _ el paisaje habitado\",\"url\":\"https:\/\/casaloalto.com\/\",\"logo\":{\"@type\":\"ImageObject\",\"inLanguage\":\"en-US\",\"@id\":\"https:\/\/casaloalto.com\/#\/schema\/logo\/image\/\",\"url\":\"https:\/\/casaloalto.com\/wp-content\/uploads\/2022\/01\/loalto-footer-130.png\",\"contentUrl\":\"https:\/\/casaloalto.com\/wp-content\/uploads\/2022\/01\/loalto-footer-130.png\",\"width\":130,\"height\":130,\"caption\":\"LoAlto\"},\"image\":{\"@id\":\"https:\/\/casaloalto.com\/#\/schema\/logo\/image\/\"},\"sameAs\":[\"https:\/\/www.facebook.com\/LoAltoVinos\",\"https:\/\/x.com\/_loalto_\",\"https:\/\/www.instagram.com\/_loalto_\/\"]}]}<\/script>\n<!-- \/ Yoast SEO plugin. -->","yoast_head_json":{"title":"Cookies Policy - Casa lo Alto","robots":{"index":"index","follow":"follow","max-snippet":"max-snippet:-1","max-image-preview":"max-image-preview:large","max-video-preview":"max-video-preview:-1"},"canonical":"https:\/\/casaloalto.com\/en\/cookies-policy","og_locale":"en_US","og_type":"article","og_title":"Cookies Policy - Casa lo Alto","og_description":"INFORMACI\u00d3N DE INTER\u00c9S PARA EL USUARIO Las cookies recogen informaci\u00f3n web para ofrecerte una mejor experiencia online, son unos ficheros que se descargan en su ordenador, o en el dispositivo desde el que est\u00e9 accediendo a la p\u00e1gina web. Se trata de una t\u00e9cnica usada de manera habitual en Internet para llevar a cabo determinadas...","og_url":"https:\/\/casaloalto.com\/en\/cookies-policy","og_site_name":"Casa lo Alto","article_publisher":"https:\/\/www.facebook.com\/LoAltoVinos","og_image":[{"width":2048,"height":1018,"url":"https:\/\/casaloalto.com\/wp-content\/uploads\/2023\/10\/fondo-negro-claim-ENG-2048x1018-1.jpg","type":"image\/jpeg"}],"twitter_card":"summary_large_image","twitter_site":"@_loalto_","twitter_misc":{"Est. reading time":"4 minutes"},"schema":{"@context":"https:\/\/schema.org","@graph":[{"@type":"WebPage","@id":"https:\/\/casaloalto.com\/en\/cookies-policy","url":"https:\/\/casaloalto.com\/en\/cookies-policy","name":"Cookies Policy - Casa lo Alto","isPartOf":{"@id":"https:\/\/casaloalto.com\/#website"},"datePublished":"2022-02-24T18:47:22+00:00","breadcrumb":{"@id":"https:\/\/casaloalto.com\/en\/cookies-policy#breadcrumb"},"inLanguage":"en-US","potentialAction":[{"@type":"ReadAction","target":["https:\/\/casaloalto.com\/en\/cookies-policy"]}]},{"@type":"BreadcrumbList","@id":"https:\/\/casaloalto.com\/en\/cookies-policy#breadcrumb","itemListElement":[{"@type":"ListItem","position":1,"name":"Portada","item":"https:\/\/casaloalto.com\/en"},{"@type":"ListItem","position":2,"name":"Cookies Policy"}]},{"@type":"WebSite","@id":"https:\/\/casaloalto.com\/#website","url":"https:\/\/casaloalto.com\/","name":"LoAlto","description":"Otro sitio realizado con WordPress","publisher":{"@id":"https:\/\/casaloalto.com\/#organization"},"alternateName":"LoAlto _ el paisaje habitado","potentialAction":[{"@type":"SearchAction","target":{"@type":"EntryPoint","urlTemplate":"https:\/\/casaloalto.com\/?s={search_term_string}"},"query-input":{"@type":"PropertyValueSpecification","valueRequired":true,"valueName":"search_term_string"}}],"inLanguage":"en-US"},{"@type":"Organization","@id":"https:\/\/casaloalto.com\/#organization","name":"LoAlto","alternateName":"LoAlto _ el paisaje habitado","url":"https:\/\/casaloalto.com\/","logo":{"@type":"ImageObject","inLanguage":"en-US","@id":"https:\/\/casaloalto.com\/#\/schema\/logo\/image\/","url":"https:\/\/casaloalto.com\/wp-content\/uploads\/2022\/01\/loalto-footer-130.png","contentUrl":"https:\/\/casaloalto.com\/wp-content\/uploads\/2022\/01\/loalto-footer-130.png","width":130,"height":130,"caption":"LoAlto"},"image":{"@id":"https:\/\/casaloalto.com\/#\/schema\/logo\/image\/"},"sameAs":["https:\/\/www.facebook.com\/LoAltoVinos","https:\/\/x.com\/_loalto_","https:\/\/www.instagram.com\/_loalto_\/"]}]}},"_links":{"self":[{"href":"https:\/\/casaloalto.com\/en\/wp-json\/wp\/v2\/pages\/9465","targetHints":{"allow":["GET"]}}],"collection":[{"href":"https:\/\/casaloalto.com\/en\/wp-json\/wp\/v2\/pages"}],"about":[{"href":"https:\/\/casaloalto.com\/en\/wp-json\/wp\/v2\/types\/page"}],"author":[{"embeddable":true,"href":"https:\/\/casaloalto.com\/en\/wp-json\/wp\/v2\/users\/1"}],"replies":[{"embeddable":true,"href":"https:\/\/casaloalto.com\/en\/wp-json\/wp\/v2\/comments?post=9465"}],"version-history":[{"count":1,"href":"https:\/\/casaloalto.com\/en\/wp-json\/wp\/v2\/pages\/9465\/revisions"}],"predecessor-version":[{"id":9466,"href":"https:\/\/casaloalto.com\/en\/wp-json\/wp\/v2\/pages\/9465\/revisions\/9466"}],"wp:attachment":[{"href":"https:\/\/casaloalto.com\/en\/wp-json\/wp\/v2\/media?parent=9465"}],"curies":[{"name":"wp","href":"https:\/\/api.w.org\/{rel}","templated":true}]}}