{"id":9463,"date":"2022-02-24T19:45:38","date_gmt":"2022-02-24T18:45:38","guid":{"rendered":"https:\/\/casaloalto.com\/?page_id=9463"},"modified":"2022-02-24T19:45:38","modified_gmt":"2022-02-24T18:45:38","slug":"privacy-policy","status":"publish","type":"page","link":"https:\/\/casaloalto.com\/en\/privacy-policy","title":{"rendered":"Privacy Policy"},"content":{"rendered":"<div class=\"rte\">\n<h3><strong>POL\u00cdTICA DE PRIVACIDAD<\/strong><\/h3>\n<p>Bodegas Murviedro S.A, es consciente de la importancia de la normativa en vigor en materia de privacidad y protecci\u00f3n de datos. En este sentido, damos mucha importancia a la protecci\u00f3n de la seguridad, integridad, veracidad y confidencialidad de los datos proporcionados por nuestros clientes y usuarios, actuando de manera responsable y transparente al respecto. La presente Pol\u00edtica de Privacidad (en adelante, \u201c<strong>La Pol\u00edtica<\/strong>\u201d) tiene por objeto informarle sobre c\u00f3mo recogemos, tratamos y protegemos los datos de car\u00e1cter personal. Asimismo especificar la finalidad de los datos recabados as\u00ed como los fines para los cuales pueden ser utilizados por terceros, a trav\u00e9s de\u00a0<a href=\"https:\/\/murviedro.es\/\" target=\"_blank\" rel=\"noopener noreferrer\">https:\/\/murviedro.es\/<\/a>\u00a0(en adelante, \u201c<strong>la Plataforma<\/strong>\u201d) o por cualquier otro medio como tel\u00e9fono, correo electr\u00f3nico o correo postal.<\/p>\n<h4><strong><em>Alcance de la Pol\u00edtica de Privacidad<\/em><\/strong><\/h4>\n<p>Esta Pol\u00edtica de Privacidad se aplica a los datos proporcionados por nuestros clientes o proveedores, personas solicitantes de informaci\u00f3n, usuarios de nuestros sitio web\u00a0<a href=\"https:\/\/murviedro.es\/\" target=\"_blank\" rel=\"noopener noreferrer\">https:\/\/murviedro.es\/<\/a>, candidatos a puestos de trabajo o terceros con los que nos podamos relacionar y cuyos datos sean necesarios para el desarrollo de nuestra actividad.<\/p>\n<h4><strong><em>Responsable:<\/em><\/strong><\/h4>\n<p>El Responsable del tratamiento de sus datos es: Bodegas Murviedro S.A N.I.F: A46002127 Direcci\u00f3n: Ampliaci\u00f3n P.I El Romeral S\/N Tel\u00e9fono: 962329003 Correo electr\u00f3nico: recepcion@murviedro.es \u00a0 Datos de contacto del Delegado de Protecci\u00f3n de Datos (en adelante, \u201c<strong>DPO<\/strong>\u201d): Nombre y Apellidos: Roberto Martinez Solaz Tel\u00e9fono: 962329003 Correo electr\u00f3nico: [roberto.martinez@murviedro.es]\n<h4><strong><em>\u00bfQu\u00e9 informaci\u00f3n recopilamos?<\/em><\/strong><\/h4>\n<p>Recopilamos informaci\u00f3n personal como por ejemplo su nombre y apellidos, direcci\u00f3n, tel\u00e9fono, correo electr\u00f3nico, empresa, cuando solicita informaci\u00f3n, compra nuestros productos o utiliza nuestros servicios. Tambi\u00e9n recogemos informaci\u00f3n sobre los medios de pago utilizados en las transacciones comerciales, como por ejemplo el n\u00famero de su tarjeta de cr\u00e9dito o su cuenta bancaria, as\u00ed como la informaci\u00f3n necesaria para el cumplimiento de nuestras obligaciones contables y fiscales.<\/p>\n<p>Tambi\u00e9n recopilamos informaci\u00f3n que su navegador web nos env\u00eda en forma autom\u00e1tica cada vez que visita alguna de nuestras p\u00e1ginas web para analizar y mejorar su experiencia de uso.<\/p>\n<h4><strong><em>\u00bfCon qu\u00e9 finalidad tratamos sus datos?<\/em><\/strong><\/h4>\n<p>Los datos que nos facilita son tratados con las siguientes finalidades:<\/p>\n<ul>\n<li>Gestionar su relaci\u00f3n comercial con nosotros en cuanto a los servicios ofrecidos;<\/li>\n<li>Atender sus solicitudes de informaci\u00f3n;<\/li>\n<li>Enviarle comunicaciones comerciales y cualquier tipo de notificaciones por cualquier medio (postal, correo electr\u00f3nico o tel\u00e9fono) para informarle de nuestras ofertas, promociones, productos, servicios, circulares y campa\u00f1as;<\/li>\n<li>Realizar encuestas, estad\u00edsticas y an\u00e1lisis de tendencias de mercado;<\/li>\n<li>Conocer sus preferencias de navegaci\u00f3n en nuestras p\u00e1ginas web para poder personalizar y mejorar nuestros servicios y mantener la seguridad del sitio;<\/li>\n<\/ul>\n<p>Si es Ud. candidato a un puesto de trabajo sus datos pueden ser tratados con las siguientes finalidades:<\/p>\n<ul>\n<li>Informarle de las vacantes a un puesto de trabajo que se produzcan en nuestra organizaci\u00f3n;<\/li>\n<li>Llevar a cabo procesos de selecci\u00f3n de personal;<\/li>\n<li>Solicitar referencias laborales de las personas o empresas en las que Ud. preste o haya prestado sus servicios; y<\/li>\n<li>En su caso, para llevar a cabo su contrataci\u00f3n como empleado.\u00a0<strong><em>\u00a0<\/em><\/strong><\/li>\n<\/ul>\n<h4><strong><em>\u00bfPor cu\u00e1nto tiempo conservamos sus datos?<\/em><\/strong><strong><em>\u00a0<\/em><\/strong><\/h4>\n<p>Si Ud. mantiene una relaci\u00f3n comercial con nosotros, los datos que haya facilitado con este prop\u00f3sito se conservar\u00e1n mientras se mantenga la relaci\u00f3n comercial o durante los a\u00f1os necesarios para cumplir con las obligaciones legales. En caso contrario, sus datos se conservar\u00e1n mientras no solicite el cese de la actividad.<\/p>\n<p>Si es Ud. candidato a un puesto de trabajo, los datos que nos haya proporcionado con dicha finalidad se conservar\u00e1n hasta la adjudicaci\u00f3n del puesto de trabajo o hasta que ejerza su derecho de cancelaci\u00f3n. En caso de no ejercer su derecho de cancelaci\u00f3n en el plazo de 60 d\u00edas sus datos ser\u00e1n cancelados autom\u00e1ticamente una vez transcurrido dicho plazo.<\/p>\n<h4><strong><em>\u00bfCu\u00e1l es la legitimaci\u00f3n para el tratamiento de sus datos?<\/em><\/strong><\/h4>\n<p>Estamos legitimados y facultados para tratar y procesar la informaci\u00f3n que nos proporcione, cuando dicha informaci\u00f3n sea necesaria para garantizar la seguridad de nuestras instalaciones, para la tramitaci\u00f3n de sus pedidos, la prestaci\u00f3n de los servicios acordados, el env\u00edo de la informaci\u00f3n solicitada o la gesti\u00f3n de la Plataforma. EUROFRED, S.A, adoptar\u00e1 las acciones necesarias para garantizar que los datos personales que recabe, almacene y procese de los interesados sean tratados de manera l\u00edcita, leal y transparente, cumpliendo con las obligaciones que resulten del ordenamiento jur\u00eddico aplicable con motivo de su actividad.<\/p>\n<p>Asimismo, mientras sea Ud. nuestro cliente, tambi\u00e9n estaremos legitimados para utilizar sus datos para informarle de las ofertas, promociones, productos, servicios, circulares y campa\u00f1as que consideremos que puedan ser de su inter\u00e9s teniendo en cuenta los productos y servicios contratados con anterioridad, aunque Ud. podr\u00e1 oponerse a dicho tratamiento en cualquier momento.<\/p>\n<p>Fuera de los casos anteriores, antes de tratar sus datos siempre recabaremos su consentimiento. El consentimiento ser\u00e1 la manifestaci\u00f3n de voluntad libre, espec\u00edfica, informada e inequ\u00edvoca. Ud. tiene derecho a revocar el consentimiento prestado, sin car\u00e1cter retroactivo, en cualquier momento.<\/p>\n<h4><strong><em>\u00bfQu\u00e9 derechos le amparan en relaci\u00f3n al tratamiento de sus datos?<\/em><\/strong><\/h4>\n<p>Ud. tiene derecho a obtener informaci\u00f3n sobre el tratamiento que Bodegas Murviedro SA. realiza sobre sus datos personales. En concreto:<\/p>\n<ul>\n<li>Tiene derecho a si\u00a0<strong>acceder<\/strong>\u00a0a sus datos personales para conocer qu\u00e9 datos personales estamos tratando que le conciernen, as\u00ed como a solicitar la\u00a0<strong>rectificaci\u00f3n<\/strong>\u00a0de los datos inexactos o, en su caso, solicitar su\u00a0<strong>supresi\u00f3n<\/strong>\u00a0cuando, entre otros motivos, los datos ya no sean necesarios para los fines que fueron recogidos.<\/li>\n<\/ul>\n<ul>\n<li>En determinadas circunstancias, podr\u00e1 solicitar la\u00a0<strong>limitaci\u00f3n del tratamiento<\/strong>\u00a0de sus datos, en cuyo caso \u00fanicamente los conservaremos para el ejercicio o la defensa de reclamaciones.<\/li>\n<\/ul>\n<ul>\n<li>En determinadas circunstancias y por motivos relacionados con su situaci\u00f3n particular, podr\u00e1\u00a0<strong>oponerse<\/strong>\u00a0al tratamiento de sus datos. Bodegas Murviedro S.A. dejar\u00e1 de tratar sus datos, salvo por motivos leg\u00edtimos imperiosos, o el ejercicio o la defensa de posibles reclamaciones.<\/li>\n<\/ul>\n<ul>\n<li>Tendr\u00e1 derecho a la\u00a0<strong>portabilidad<\/strong>, es decir, a que los datos personales que hubiera facilitado, se transmitan directamente a otro responsable en formato estructurado, de uso com\u00fan y lectura mec\u00e1nica, cuando t\u00e9cnicamente fuera posible.<\/li>\n<\/ul>\n<p>Ud. puede ejercer los referidos derechos dirigiendo un\u00a0<em>e-mail<\/em>\u00a0a la direcci\u00f3n electr\u00f3nica recepcion@murviedro.es. Responderemos a sus peticiones a la mayor brevedad posible y, en todo caso, en el plazo de un (1) mes desde la recepci\u00f3n de su solicitud. En determinadas circunstancias, dicho plazo podr\u00e1 prorrogarse otros dos (2) meses, en cuyo caso le informaremos oportunamente dentro del plazo de un (1) mes desde la recepci\u00f3n de su solicitud.<\/p>\n<p>Si Ud. cree que el tratamiento de sus datos personales infringe la normativa sobre protecci\u00f3n de datos, o bien si cree que no hemos satisfecho el ejercicio de sus derechos, Ud. puede presentar una reclamaci\u00f3n ante la autoridad de control competente seg\u00fan su lugar de residencia. Ud. puede consultar las diferentes autoridades de control en el siguiente enlace\u00a0<a href=\"http:\/\/www.agpd.es\/portalwebAGPD\/enlaces\/index-ides-idphp.php\">http:\/\/www.agpd.es\/portalwebAGPD\/enlaces\/index-ides-idphp.php<\/a>.<\/p>\n<p>En todo caso, antes de iniciar cualquier reclamaci\u00f3n, le rogamos que se ponga en contacto con nosotros mediante llamada al 962329003 o enviando un e mail a recepcion@murviedro.es. (C.I.F A46002127), con domicilio en Ampliaci\u00f3n P.I El Romeral s\/n, con la finalidad de intentar solucionar cualquier discrepancia de forma amistosa.<\/p>\n<p>Puede descargar el formulario de derechos vehiculares mediante el acceso al siguiente enlace:<\/p>\n<p>*******************\u00a0<strong>\u00a0<\/strong><\/p>\n<h4><strong><em>\u00bfUd. tiene derecho a retirar su consentimiento?<\/em><\/strong><\/h4>\n<p>S\u00ed, en cualquier momento Ud. podr\u00e1 retirar su consentimiento para el tratamiento de sus datos para una o varias de las finalidades arriba indicadas y para las que haya prestado su consentimiento.<\/p>\n<\/div>\n","protected":false},"excerpt":{"rendered":"<p>POL\u00cdTICA DE PRIVACIDAD Bodegas Murviedro S.A, es consciente de la importancia de la normativa en vigor en materia de privacidad y protecci\u00f3n de datos. En este sentido, damos mucha importancia a la protecci\u00f3n de la seguridad, integridad, veracidad y confidencialidad de los datos proporcionados por nuestros clientes y usuarios, actuando de manera responsable y transparente&#8230;<\/p>\n","protected":false},"author":1,"featured_media":0,"parent":0,"menu_order":0,"comment_status":"closed","ping_status":"closed","template":"page-plain.php","meta":{"_acf_changed":false,"footnotes":""},"class_list":["post-9463","page","type-page","status-publish","hentry"],"acf":[],"yoast_head":"<!-- This site is optimized with the Yoast SEO plugin v26.3 - https:\/\/yoast.com\/wordpress\/plugins\/seo\/ -->\n<title>Privacy Policy - Casa lo Alto<\/title>\n<meta name=\"robots\" content=\"index, follow, max-snippet:-1, max-image-preview:large, max-video-preview:-1\" \/>\n<link rel=\"canonical\" href=\"https:\/\/casaloalto.com\/en\/privacy-policy\" \/>\n<meta property=\"og:locale\" content=\"en_US\" \/>\n<meta property=\"og:type\" content=\"article\" \/>\n<meta property=\"og:title\" content=\"Privacy Policy - Casa lo Alto\" \/>\n<meta property=\"og:description\" content=\"POL\u00cdTICA DE PRIVACIDAD Bodegas Murviedro S.A, es consciente de la importancia de la normativa en vigor en materia de privacidad y protecci\u00f3n de datos. En este sentido, damos mucha importancia a la protecci\u00f3n de la seguridad, integridad, veracidad y confidencialidad de los datos proporcionados por nuestros clientes y usuarios, actuando de manera responsable y transparente...\" \/>\n<meta property=\"og:url\" content=\"https:\/\/casaloalto.com\/en\/privacy-policy\" \/>\n<meta property=\"og:site_name\" content=\"Casa lo Alto\" \/>\n<meta property=\"article:publisher\" content=\"https:\/\/www.facebook.com\/LoAltoVinos\" \/>\n<meta property=\"og:image\" content=\"https:\/\/casaloalto.com\/wp-content\/uploads\/2023\/10\/fondo-negro-claim-ENG-2048x1018-1.jpg\" \/>\n\t<meta property=\"og:image:width\" content=\"2048\" \/>\n\t<meta property=\"og:image:height\" content=\"1018\" \/>\n\t<meta property=\"og:image:type\" content=\"image\/jpeg\" \/>\n<meta name=\"twitter:card\" content=\"summary_large_image\" \/>\n<meta name=\"twitter:site\" content=\"@_loalto_\" \/>\n<meta name=\"twitter:label1\" content=\"Est. reading time\" \/>\n\t<meta name=\"twitter:data1\" content=\"7 minutes\" \/>\n<script type=\"application\/ld+json\" class=\"yoast-schema-graph\">{\"@context\":\"https:\/\/schema.org\",\"@graph\":[{\"@type\":\"WebPage\",\"@id\":\"https:\/\/casaloalto.com\/en\/privacy-policy\",\"url\":\"https:\/\/casaloalto.com\/en\/privacy-policy\",\"name\":\"Privacy Policy - Casa lo Alto\",\"isPartOf\":{\"@id\":\"https:\/\/casaloalto.com\/#website\"},\"datePublished\":\"2022-02-24T18:45:38+00:00\",\"breadcrumb\":{\"@id\":\"https:\/\/casaloalto.com\/en\/privacy-policy#breadcrumb\"},\"inLanguage\":\"en-US\",\"potentialAction\":[{\"@type\":\"ReadAction\",\"target\":[\"https:\/\/casaloalto.com\/en\/privacy-policy\"]}]},{\"@type\":\"BreadcrumbList\",\"@id\":\"https:\/\/casaloalto.com\/en\/privacy-policy#breadcrumb\",\"itemListElement\":[{\"@type\":\"ListItem\",\"position\":1,\"name\":\"Portada\",\"item\":\"https:\/\/casaloalto.com\/en\"},{\"@type\":\"ListItem\",\"position\":2,\"name\":\"Privacy Policy\"}]},{\"@type\":\"WebSite\",\"@id\":\"https:\/\/casaloalto.com\/#website\",\"url\":\"https:\/\/casaloalto.com\/\",\"name\":\"LoAlto\",\"description\":\"Otro sitio realizado con WordPress\",\"publisher\":{\"@id\":\"https:\/\/casaloalto.com\/#organization\"},\"alternateName\":\"LoAlto _ el paisaje habitado\",\"potentialAction\":[{\"@type\":\"SearchAction\",\"target\":{\"@type\":\"EntryPoint\",\"urlTemplate\":\"https:\/\/casaloalto.com\/?s={search_term_string}\"},\"query-input\":{\"@type\":\"PropertyValueSpecification\",\"valueRequired\":true,\"valueName\":\"search_term_string\"}}],\"inLanguage\":\"en-US\"},{\"@type\":\"Organization\",\"@id\":\"https:\/\/casaloalto.com\/#organization\",\"name\":\"LoAlto\",\"alternateName\":\"LoAlto _ el paisaje habitado\",\"url\":\"https:\/\/casaloalto.com\/\",\"logo\":{\"@type\":\"ImageObject\",\"inLanguage\":\"en-US\",\"@id\":\"https:\/\/casaloalto.com\/#\/schema\/logo\/image\/\",\"url\":\"https:\/\/casaloalto.com\/wp-content\/uploads\/2022\/01\/loalto-footer-130.png\",\"contentUrl\":\"https:\/\/casaloalto.com\/wp-content\/uploads\/2022\/01\/loalto-footer-130.png\",\"width\":130,\"height\":130,\"caption\":\"LoAlto\"},\"image\":{\"@id\":\"https:\/\/casaloalto.com\/#\/schema\/logo\/image\/\"},\"sameAs\":[\"https:\/\/www.facebook.com\/LoAltoVinos\",\"https:\/\/x.com\/_loalto_\",\"https:\/\/www.instagram.com\/_loalto_\/\"]}]}<\/script>\n<!-- \/ Yoast SEO plugin. -->","yoast_head_json":{"title":"Privacy Policy - Casa lo Alto","robots":{"index":"index","follow":"follow","max-snippet":"max-snippet:-1","max-image-preview":"max-image-preview:large","max-video-preview":"max-video-preview:-1"},"canonical":"https:\/\/casaloalto.com\/en\/privacy-policy","og_locale":"en_US","og_type":"article","og_title":"Privacy Policy - Casa lo Alto","og_description":"POL\u00cdTICA DE PRIVACIDAD Bodegas Murviedro S.A, es consciente de la importancia de la normativa en vigor en materia de privacidad y protecci\u00f3n de datos. En este sentido, damos mucha importancia a la protecci\u00f3n de la seguridad, integridad, veracidad y confidencialidad de los datos proporcionados por nuestros clientes y usuarios, actuando de manera responsable y transparente...","og_url":"https:\/\/casaloalto.com\/en\/privacy-policy","og_site_name":"Casa lo Alto","article_publisher":"https:\/\/www.facebook.com\/LoAltoVinos","og_image":[{"width":2048,"height":1018,"url":"https:\/\/casaloalto.com\/wp-content\/uploads\/2023\/10\/fondo-negro-claim-ENG-2048x1018-1.jpg","type":"image\/jpeg"}],"twitter_card":"summary_large_image","twitter_site":"@_loalto_","twitter_misc":{"Est. reading time":"7 minutes"},"schema":{"@context":"https:\/\/schema.org","@graph":[{"@type":"WebPage","@id":"https:\/\/casaloalto.com\/en\/privacy-policy","url":"https:\/\/casaloalto.com\/en\/privacy-policy","name":"Privacy Policy - Casa lo Alto","isPartOf":{"@id":"https:\/\/casaloalto.com\/#website"},"datePublished":"2022-02-24T18:45:38+00:00","breadcrumb":{"@id":"https:\/\/casaloalto.com\/en\/privacy-policy#breadcrumb"},"inLanguage":"en-US","potentialAction":[{"@type":"ReadAction","target":["https:\/\/casaloalto.com\/en\/privacy-policy"]}]},{"@type":"BreadcrumbList","@id":"https:\/\/casaloalto.com\/en\/privacy-policy#breadcrumb","itemListElement":[{"@type":"ListItem","position":1,"name":"Portada","item":"https:\/\/casaloalto.com\/en"},{"@type":"ListItem","position":2,"name":"Privacy Policy"}]},{"@type":"WebSite","@id":"https:\/\/casaloalto.com\/#website","url":"https:\/\/casaloalto.com\/","name":"LoAlto","description":"Otro sitio realizado con WordPress","publisher":{"@id":"https:\/\/casaloalto.com\/#organization"},"alternateName":"LoAlto _ el paisaje habitado","potentialAction":[{"@type":"SearchAction","target":{"@type":"EntryPoint","urlTemplate":"https:\/\/casaloalto.com\/?s={search_term_string}"},"query-input":{"@type":"PropertyValueSpecification","valueRequired":true,"valueName":"search_term_string"}}],"inLanguage":"en-US"},{"@type":"Organization","@id":"https:\/\/casaloalto.com\/#organization","name":"LoAlto","alternateName":"LoAlto _ el paisaje habitado","url":"https:\/\/casaloalto.com\/","logo":{"@type":"ImageObject","inLanguage":"en-US","@id":"https:\/\/casaloalto.com\/#\/schema\/logo\/image\/","url":"https:\/\/casaloalto.com\/wp-content\/uploads\/2022\/01\/loalto-footer-130.png","contentUrl":"https:\/\/casaloalto.com\/wp-content\/uploads\/2022\/01\/loalto-footer-130.png","width":130,"height":130,"caption":"LoAlto"},"image":{"@id":"https:\/\/casaloalto.com\/#\/schema\/logo\/image\/"},"sameAs":["https:\/\/www.facebook.com\/LoAltoVinos","https:\/\/x.com\/_loalto_","https:\/\/www.instagram.com\/_loalto_\/"]}]}},"_links":{"self":[{"href":"https:\/\/casaloalto.com\/en\/wp-json\/wp\/v2\/pages\/9463","targetHints":{"allow":["GET"]}}],"collection":[{"href":"https:\/\/casaloalto.com\/en\/wp-json\/wp\/v2\/pages"}],"about":[{"href":"https:\/\/casaloalto.com\/en\/wp-json\/wp\/v2\/types\/page"}],"author":[{"embeddable":true,"href":"https:\/\/casaloalto.com\/en\/wp-json\/wp\/v2\/users\/1"}],"replies":[{"embeddable":true,"href":"https:\/\/casaloalto.com\/en\/wp-json\/wp\/v2\/comments?post=9463"}],"version-history":[{"count":1,"href":"https:\/\/casaloalto.com\/en\/wp-json\/wp\/v2\/pages\/9463\/revisions"}],"predecessor-version":[{"id":9464,"href":"https:\/\/casaloalto.com\/en\/wp-json\/wp\/v2\/pages\/9463\/revisions\/9464"}],"wp:attachment":[{"href":"https:\/\/casaloalto.com\/en\/wp-json\/wp\/v2\/media?parent=9463"}],"curies":[{"name":"wp","href":"https:\/\/api.w.org\/{rel}","templated":true}]}}