{"id":9461,"date":"2022-02-24T19:43:00","date_gmt":"2022-02-24T18:43:00","guid":{"rendered":"https:\/\/casaloalto.com\/?page_id=9461"},"modified":"2022-02-24T19:43:00","modified_gmt":"2022-02-24T18:43:00","slug":"legal-advice","status":"publish","type":"page","link":"https:\/\/casaloalto.com\/en\/legal-advice","title":{"rendered":"Legal Advice"},"content":{"rendered":"<h4><strong>1. DATOS DE LA EMPRESA<\/strong><\/h4>\n<p>murviedro.es\/tienda\u00a0es un dominio cuyo titular es BODEGAS MURVIEDRO SA (En adelante<strong>\u00a0LA EMPRESA<\/strong>), con correo electr\u00f3nico murviedro@murviedro.es con CIF: A-46002127, debidamente registrada y legalmente constituida.<\/p>\n<p>LA TIENDA\u00a0est\u00e1 gestionada por El Mirall On-line S.L. (CIF: B98410038) con direcci\u00f3n:\u00a0C\/ Lorenzo Rovira n\u00ba3 Izq.\u00a046025 VALENCIA (ESPA\u00d1A), por lo que ellos ser\u00e1n los responsables del funcionamiento de LA TIENDA.<\/p>\n<h4><strong>2. PROPIEDAD INTELECTUAL DE MURVIEDRO.ES\/TIENDA<\/strong><\/h4>\n<p>Queda prohibida su reproducci\u00f3n, distribuci\u00f3n, comunicaci\u00f3n p\u00fablica y transformaci\u00f3n, total o parcial, sin la autorizaci\u00f3n expresa de LA EMPRESA Igualmente, todos los nombres comerciales, marcas o signos distintos de cualquier clase contenidos en murviedro.es\/tienda est\u00e1n protegidos por ley.<\/p>\n<p>Todos los derechos de propiedad intelectual del contenido de esta p\u00e1gina Web, su dise\u00f1o gr\u00e1fico, im\u00e1genes y sus c\u00f3digos fuente, son titularidad exclusiva de LA EMPRESA, correspondi\u00e9ndole el ejercicio exclusivo de los derechos de explotaci\u00f3n de los mismos.<\/p>\n<p>LA EMPRESA proporciona una serie de servicios en Internet a sus usuarios y clientes. Los usuarios de LA EMPRESA pueden crear y adquirir productos para su propio uso.<\/p>\n<p>V\u00eda aceptaci\u00f3n de las condiciones de uso, prohibimos expl\u00edcitamente cualquier infracci\u00f3n de propiedad intelectual. Pedimos a los propietarios de dichos derechos que nos contacten si alg\u00fan usuario de nuestro servicio ha hecho alguna infracci\u00f3n.<\/p>\n<p>Cualquier art\u00edculo o imagen que sea objeto de la infracci\u00f3n ser\u00e1 eliminado sin previo aviso. LA EMPRESA se reserva el derecho de tomar medidas m\u00e1s dr\u00e1sticas con el usuario infractor en caso de repetidas incidencias, como por ejemplo, cancelar definitivamente su cuenta y prohibir el uso de sus servicios.<\/p>\n<p>Si consideras que tus derechos de propiedad intelectual han sido violados por un usuario de nuestro servicio, haznos llegar una notificaci\u00f3n con la siguiente informaci\u00f3n:<\/p>\n<p>1. Identificaci\u00f3n del copyright, marca registrada o lo que se haya infringido.<br \/>\n2. La direcci\u00f3n completa (URL) de los productos y\/o dise\u00f1os en cuesti\u00f3n (Atenci\u00f3n: s\u00f3lo la direcci\u00f3n murviedro.es\/tienda no es suficiente)<br \/>\n3. Tu nombre, direcci\u00f3n, tel\u00e9fono y email.<br \/>\n4. Una declaraci\u00f3n donde expones de buena fe que el material de la queja infringe ciertamente la ley o tus derechos.<br \/>\n5. Una declaraci\u00f3n de que toda la informaci\u00f3n proporcionada es correcta y veraz.<\/p>\n<p>Puedes enviarnos esta informaci\u00f3n v\u00eda email a: murviedro@murviedro.es<\/p>\n<h4><strong>3. ACTUALIZACI\u00d3N Y MODIFICACI\u00d3N DE LA P\u00c1GINA WEB<\/strong><\/h4>\n<p>LA EMPRESA se reserva el derecho a actualizar, modificar o eliminar la informaci\u00f3n contenida en su web Site, en cualquier momento, sin previo aviso, al igual que la configuraci\u00f3n o presentaci\u00f3n de la misma, y sin asumir responsabilidad alguna por ello.<\/p>\n<h4><strong>4. CONTENIDOS DE LA WEB Y ENLACES<\/strong><\/h4>\n<p>LA EMPRESA no se responsabiliza del mal uso que se realice de los contenidos de murviedro.es\/tienda siendo exclusiva responsabilidad de la persona que accede a ellos o los utiliza.<\/p>\n<p>Del mismo modo, no se asume ninguna responsabilidad por la informaci\u00f3n contenida en las p\u00e1ginas web de terceros a las que se pueda acceder por enlaces o buscadores desde la p\u00e1gina web murviedro.es\/tienda<\/p>\n<h4><strong>5. ASPECTOS T\u00c9CNICOS<\/strong><\/h4>\n<p>LA EMPRESA no asume ninguna responsabilidad que se pueda derivar de problemas t\u00e9cnicos o fallos en los equipos inform\u00e1ticos, no imputables a nuestra Sociedad, que se produzcan durante la conexi\u00f3n a la red de Internet, as\u00ed como de da\u00f1os que pudieran ser causados por terceras personas mediante intromisiones ileg\u00edtimas fuera del control de LA EMPRESA<\/p>\n<p>Tambi\u00e9n queda exonerada de toda responsabilidad ante posibles da\u00f1os o perjuicios que pueda sufrir el usuario a consecuencia de errores, defectos u omisiones en la informaci\u00f3n que facilitemos cuando proceda de fuentes ajenas a LA EMPRESA<\/p>\n<h4><strong>6. TRATAMIENTO DE DATOS DE USUARIOS<\/strong><\/h4>\n<p><strong><em>Consultar Pol\u00edtica de Privacidad m\u00e1s abajo.<\/em><\/strong><\/p>\n<h4><strong>7. LEGISLACI\u00d3N Y JURISDICCI\u00d3N APLICABLES<\/strong><\/h4>\n<p>Con car\u00e1cter general, las relaciones entre LA EMPRESA y sus clientes, que se deriven de la prestaci\u00f3n de los servicios contenidos en la Web murviedro.es\/tienda est\u00e1n sometidas a la legislaci\u00f3n y la jurisdicci\u00f3n espa\u00f1ola.<\/p>\n<p>Los usuarios de murviedro.es\/tienda son conscientes de todo lo expuesto y lo aceptan voluntariamente.<\/p>\n<h4><strong>8. SEGURIDAD EN LOS ACCESOS<\/strong><\/h4>\n<p>El acceso a las p\u00e1ginas a trav\u00e9s de las que el cliente de LA EMPRESA consulte datos personales, solicite informaci\u00f3n complementaria o contrate alguno de los productos que ofertamos se realiza a trav\u00e9s de l\u00ednea segura.<\/p>\n<h4><strong>\u00a0<\/strong><strong>9. LEGISLACI\u00d3N Y JURISDICCI\u00d3N<\/strong><\/h4>\n<p>Las presentes condiciones generales se interpretar\u00e1n conforme a la legislaci\u00f3n vigente en Espa\u00f1a en la materia, que se aplicar\u00e1 subsidiariamente en todo lo que no se haya previsto en las mismas (b\u00e1sicamente Ley 34\/2002 de 11 de julio de servicios de la informaci\u00f3n y comercio electr\u00f3nico).<\/p>\n","protected":false},"excerpt":{"rendered":"<p>1. DATOS DE LA EMPRESA murviedro.es\/tienda\u00a0es un dominio cuyo titular es BODEGAS MURVIEDRO SA (En adelante\u00a0LA EMPRESA), con correo electr\u00f3nico murviedro@murviedro.es con CIF: A-46002127, debidamente registrada y legalmente constituida. LA TIENDA\u00a0est\u00e1 gestionada por El Mirall On-line S.L. (CIF: B98410038) con direcci\u00f3n:\u00a0C\/ Lorenzo Rovira n\u00ba3 Izq.\u00a046025 VALENCIA (ESPA\u00d1A), por lo que ellos ser\u00e1n los responsables del&#8230;<\/p>\n","protected":false},"author":1,"featured_media":0,"parent":0,"menu_order":0,"comment_status":"closed","ping_status":"closed","template":"","meta":{"_acf_changed":false,"footnotes":""},"class_list":["post-9461","page","type-page","status-publish","hentry"],"acf":[],"yoast_head":"<!-- This site is optimized with the Yoast SEO plugin v26.3 - https:\/\/yoast.com\/wordpress\/plugins\/seo\/ -->\n<title>Legal Advice - Casa lo Alto<\/title>\n<meta name=\"robots\" content=\"index, follow, max-snippet:-1, max-image-preview:large, max-video-preview:-1\" \/>\n<link rel=\"canonical\" href=\"https:\/\/casaloalto.com\/en\/legal-advice\" \/>\n<meta property=\"og:locale\" content=\"en_US\" \/>\n<meta property=\"og:type\" content=\"article\" \/>\n<meta property=\"og:title\" content=\"Legal Advice - Casa lo Alto\" \/>\n<meta property=\"og:description\" content=\"1. DATOS DE LA EMPRESA murviedro.es\/tienda\u00a0es un dominio cuyo titular es BODEGAS MURVIEDRO SA (En adelante\u00a0LA EMPRESA), con correo electr\u00f3nico murviedro@murviedro.es con CIF: A-46002127, debidamente registrada y legalmente constituida. LA TIENDA\u00a0est\u00e1 gestionada por El Mirall On-line S.L. (CIF: B98410038) con direcci\u00f3n:\u00a0C\/ Lorenzo Rovira n\u00ba3 Izq.\u00a046025 VALENCIA (ESPA\u00d1A), por lo que ellos ser\u00e1n los responsables del...\" \/>\n<meta property=\"og:url\" content=\"https:\/\/casaloalto.com\/en\/legal-advice\" \/>\n<meta property=\"og:site_name\" content=\"Casa lo Alto\" \/>\n<meta property=\"article:publisher\" content=\"https:\/\/www.facebook.com\/LoAltoVinos\" \/>\n<meta property=\"og:image\" content=\"https:\/\/casaloalto.com\/wp-content\/uploads\/2023\/10\/fondo-negro-claim-ENG-2048x1018-1.jpg\" \/>\n\t<meta property=\"og:image:width\" content=\"2048\" \/>\n\t<meta property=\"og:image:height\" content=\"1018\" \/>\n\t<meta property=\"og:image:type\" content=\"image\/jpeg\" \/>\n<meta name=\"twitter:card\" content=\"summary_large_image\" \/>\n<meta name=\"twitter:site\" content=\"@_loalto_\" \/>\n<meta name=\"twitter:label1\" content=\"Est. reading time\" \/>\n\t<meta name=\"twitter:data1\" content=\"4 minutes\" \/>\n<script type=\"application\/ld+json\" class=\"yoast-schema-graph\">{\"@context\":\"https:\/\/schema.org\",\"@graph\":[{\"@type\":\"WebPage\",\"@id\":\"https:\/\/casaloalto.com\/en\/legal-advice\",\"url\":\"https:\/\/casaloalto.com\/en\/legal-advice\",\"name\":\"Legal Advice - Casa lo Alto\",\"isPartOf\":{\"@id\":\"https:\/\/casaloalto.com\/#website\"},\"datePublished\":\"2022-02-24T18:43:00+00:00\",\"breadcrumb\":{\"@id\":\"https:\/\/casaloalto.com\/en\/legal-advice#breadcrumb\"},\"inLanguage\":\"en-US\",\"potentialAction\":[{\"@type\":\"ReadAction\",\"target\":[\"https:\/\/casaloalto.com\/en\/legal-advice\"]}]},{\"@type\":\"BreadcrumbList\",\"@id\":\"https:\/\/casaloalto.com\/en\/legal-advice#breadcrumb\",\"itemListElement\":[{\"@type\":\"ListItem\",\"position\":1,\"name\":\"Portada\",\"item\":\"https:\/\/casaloalto.com\/en\"},{\"@type\":\"ListItem\",\"position\":2,\"name\":\"Legal Advice\"}]},{\"@type\":\"WebSite\",\"@id\":\"https:\/\/casaloalto.com\/#website\",\"url\":\"https:\/\/casaloalto.com\/\",\"name\":\"LoAlto\",\"description\":\"Otro sitio realizado con WordPress\",\"publisher\":{\"@id\":\"https:\/\/casaloalto.com\/#organization\"},\"alternateName\":\"LoAlto _ el paisaje habitado\",\"potentialAction\":[{\"@type\":\"SearchAction\",\"target\":{\"@type\":\"EntryPoint\",\"urlTemplate\":\"https:\/\/casaloalto.com\/?s={search_term_string}\"},\"query-input\":{\"@type\":\"PropertyValueSpecification\",\"valueRequired\":true,\"valueName\":\"search_term_string\"}}],\"inLanguage\":\"en-US\"},{\"@type\":\"Organization\",\"@id\":\"https:\/\/casaloalto.com\/#organization\",\"name\":\"LoAlto\",\"alternateName\":\"LoAlto _ el paisaje habitado\",\"url\":\"https:\/\/casaloalto.com\/\",\"logo\":{\"@type\":\"ImageObject\",\"inLanguage\":\"en-US\",\"@id\":\"https:\/\/casaloalto.com\/#\/schema\/logo\/image\/\",\"url\":\"https:\/\/casaloalto.com\/wp-content\/uploads\/2022\/01\/loalto-footer-130.png\",\"contentUrl\":\"https:\/\/casaloalto.com\/wp-content\/uploads\/2022\/01\/loalto-footer-130.png\",\"width\":130,\"height\":130,\"caption\":\"LoAlto\"},\"image\":{\"@id\":\"https:\/\/casaloalto.com\/#\/schema\/logo\/image\/\"},\"sameAs\":[\"https:\/\/www.facebook.com\/LoAltoVinos\",\"https:\/\/x.com\/_loalto_\",\"https:\/\/www.instagram.com\/_loalto_\/\"]}]}<\/script>\n<!-- \/ Yoast SEO plugin. -->","yoast_head_json":{"title":"Legal Advice - Casa lo Alto","robots":{"index":"index","follow":"follow","max-snippet":"max-snippet:-1","max-image-preview":"max-image-preview:large","max-video-preview":"max-video-preview:-1"},"canonical":"https:\/\/casaloalto.com\/en\/legal-advice","og_locale":"en_US","og_type":"article","og_title":"Legal Advice - Casa lo Alto","og_description":"1. DATOS DE LA EMPRESA murviedro.es\/tienda\u00a0es un dominio cuyo titular es BODEGAS MURVIEDRO SA (En adelante\u00a0LA EMPRESA), con correo electr\u00f3nico murviedro@murviedro.es con CIF: A-46002127, debidamente registrada y legalmente constituida. LA TIENDA\u00a0est\u00e1 gestionada por El Mirall On-line S.L. (CIF: B98410038) con direcci\u00f3n:\u00a0C\/ Lorenzo Rovira n\u00ba3 Izq.\u00a046025 VALENCIA (ESPA\u00d1A), por lo que ellos ser\u00e1n los responsables del...","og_url":"https:\/\/casaloalto.com\/en\/legal-advice","og_site_name":"Casa lo Alto","article_publisher":"https:\/\/www.facebook.com\/LoAltoVinos","og_image":[{"width":2048,"height":1018,"url":"https:\/\/casaloalto.com\/wp-content\/uploads\/2023\/10\/fondo-negro-claim-ENG-2048x1018-1.jpg","type":"image\/jpeg"}],"twitter_card":"summary_large_image","twitter_site":"@_loalto_","twitter_misc":{"Est. reading time":"4 minutes"},"schema":{"@context":"https:\/\/schema.org","@graph":[{"@type":"WebPage","@id":"https:\/\/casaloalto.com\/en\/legal-advice","url":"https:\/\/casaloalto.com\/en\/legal-advice","name":"Legal Advice - Casa lo Alto","isPartOf":{"@id":"https:\/\/casaloalto.com\/#website"},"datePublished":"2022-02-24T18:43:00+00:00","breadcrumb":{"@id":"https:\/\/casaloalto.com\/en\/legal-advice#breadcrumb"},"inLanguage":"en-US","potentialAction":[{"@type":"ReadAction","target":["https:\/\/casaloalto.com\/en\/legal-advice"]}]},{"@type":"BreadcrumbList","@id":"https:\/\/casaloalto.com\/en\/legal-advice#breadcrumb","itemListElement":[{"@type":"ListItem","position":1,"name":"Portada","item":"https:\/\/casaloalto.com\/en"},{"@type":"ListItem","position":2,"name":"Legal Advice"}]},{"@type":"WebSite","@id":"https:\/\/casaloalto.com\/#website","url":"https:\/\/casaloalto.com\/","name":"LoAlto","description":"Otro sitio realizado con WordPress","publisher":{"@id":"https:\/\/casaloalto.com\/#organization"},"alternateName":"LoAlto _ el paisaje habitado","potentialAction":[{"@type":"SearchAction","target":{"@type":"EntryPoint","urlTemplate":"https:\/\/casaloalto.com\/?s={search_term_string}"},"query-input":{"@type":"PropertyValueSpecification","valueRequired":true,"valueName":"search_term_string"}}],"inLanguage":"en-US"},{"@type":"Organization","@id":"https:\/\/casaloalto.com\/#organization","name":"LoAlto","alternateName":"LoAlto _ el paisaje habitado","url":"https:\/\/casaloalto.com\/","logo":{"@type":"ImageObject","inLanguage":"en-US","@id":"https:\/\/casaloalto.com\/#\/schema\/logo\/image\/","url":"https:\/\/casaloalto.com\/wp-content\/uploads\/2022\/01\/loalto-footer-130.png","contentUrl":"https:\/\/casaloalto.com\/wp-content\/uploads\/2022\/01\/loalto-footer-130.png","width":130,"height":130,"caption":"LoAlto"},"image":{"@id":"https:\/\/casaloalto.com\/#\/schema\/logo\/image\/"},"sameAs":["https:\/\/www.facebook.com\/LoAltoVinos","https:\/\/x.com\/_loalto_","https:\/\/www.instagram.com\/_loalto_\/"]}]}},"_links":{"self":[{"href":"https:\/\/casaloalto.com\/en\/wp-json\/wp\/v2\/pages\/9461","targetHints":{"allow":["GET"]}}],"collection":[{"href":"https:\/\/casaloalto.com\/en\/wp-json\/wp\/v2\/pages"}],"about":[{"href":"https:\/\/casaloalto.com\/en\/wp-json\/wp\/v2\/types\/page"}],"author":[{"embeddable":true,"href":"https:\/\/casaloalto.com\/en\/wp-json\/wp\/v2\/users\/1"}],"replies":[{"embeddable":true,"href":"https:\/\/casaloalto.com\/en\/wp-json\/wp\/v2\/comments?post=9461"}],"version-history":[{"count":1,"href":"https:\/\/casaloalto.com\/en\/wp-json\/wp\/v2\/pages\/9461\/revisions"}],"predecessor-version":[{"id":9462,"href":"https:\/\/casaloalto.com\/en\/wp-json\/wp\/v2\/pages\/9461\/revisions\/9462"}],"wp:attachment":[{"href":"https:\/\/casaloalto.com\/en\/wp-json\/wp\/v2\/media?parent=9461"}],"curies":[{"name":"wp","href":"https:\/\/api.w.org\/{rel}","templated":true}]}}